{"id":7196,"date":"2024-02-20T21:06:13","date_gmt":"2024-02-20T21:06:13","guid":{"rendered":"https:\/\/www.innoveragroup.com.tr\/isi-gecirgenlik-katsayisi\/"},"modified":"2024-06-27T21:47:39","modified_gmt":"2024-06-27T21:47:39","slug":"waermedurchgangskoeffizient","status":"publish","type":"page","link":"https:\/\/www.innoveragroup.com.tr\/de\/waermedurchgangskoeffizient\/","title":{"rendered":"Energieeffizienz"},"content":{"rendered":"\t\t<div data-elementor-type=\"wp-page\" data-elementor-id=\"7196\" class=\"elementor elementor-7196 elementor-5815\" data-elementor-post-type=\"page\">\n\t\t\t\t\t\t<section class=\"elementor-section elementor-top-section elementor-element elementor-element-c561931 elementor-section-boxed elementor-section-height-default elementor-section-height-default\" data-id=\"c561931\" data-element_type=\"section\">\n\t\t\t\t\t\t<div class=\"elementor-container elementor-column-gap-default\">\n\t\t\t\t\t<div class=\"elementor-column elementor-col-100 elementor-top-column elementor-element elementor-element-091335e\" data-id=\"091335e\" data-element_type=\"column\">\n\t\t\t<div class=\"elementor-widget-wrap elementor-element-populated\">\n\t\t\t\t\t\t<div class=\"elementor-element elementor-element-4fa13be elementor-widget elementor-widget-energium_heading\" data-id=\"4fa13be\" data-element_type=\"widget\" data-widget_type=\"energium_heading.default\">\n\t\t\t\t<div class=\"elementor-widget-container\">\n\t\t\t<div class=\"energium-heading-widget\"><h2 class=\"energium-heading\"><span class=\"energium-heading-content\">Energie-Effizienz<\/span><\/h2><\/div>\t\t<\/div>\n\t\t\t\t<\/div>\n\t\t\t\t<div class=\"elementor-element elementor-element-ec54075 elementor-widget elementor-widget-text-editor\" data-id=\"ec54075\" data-element_type=\"widget\" data-widget_type=\"text-editor.default\">\n\t\t\t\t<div class=\"elementor-widget-container\">\n\t\t\t\t\t\t\t<p>Die Energieeffizienz ist ein entscheidender Faktor bei der Auswahl moderner Baumaterialien, die im Hinblick auf die \u00f6kologische Nachhaltigkeit und wirtschaftliche Einsparungen in der heutigen Welt von gro\u00dfer Bedeutung sind. In diesem Zusammenhang r\u00fccken Kriterien wie der U-Faktor, der R-Wert und der G-Wert als Hauptkriterien f\u00fcr die Bewertung der Leistung von Materialien in den Vordergrund.<\/p><p>Der U-Wert oder U-Faktor, auch bekannt als W\u00e4rmedurchgangskoeffizient, misst die W\u00e4rmemenge, die durch die Teile eines Geb\u00e4udes \u00fcbertragen wird. Er gibt einfach an, wie viel K\u00e4lte oder W\u00e4rme von der Au\u00dfenseite Ihres Hauses nach innen flie\u00dft. Wie jede Komponente eines Fensters weisen auch der Rahmen und die Verglasung unterschiedliche Werte auf, die zusammen den Gesamtwert des Fensters ergeben. Niedrigere U-Werte bedeuten gr\u00f6\u00dfere Energieeinsparungen, niedrigere monatliche Rechnungen und eine angenehmere und stabilere Innentemperatur.<\/p><p>Der R-Wert bezieht sich auf den Widerstand eines Materials gegen den W\u00e4rmefluss. Ein h\u00f6herer R-Wert bedeutet, dass das Material eine bessere Barriere gegen die W\u00e4rme\u00fcbertragung bildet und somit besser isoliert. Die Verwendung von Materialien mit hohen R-Werten in Bauteilen wie W\u00e4nden, D\u00e4chern und B\u00f6den verbessert die Energieeffizienz von Geb\u00e4uden.<\/p><p>Der G-Wert gibt an, wie viel Sonnenlicht ein Fenster hereinl\u00e4sst. Glas mit einem niedrigen G-Wert blockiert den gr\u00f6\u00dften Teil der Sonnenw\u00e4rme und verhindert die \u00dcberhitzung von Geb\u00e4uden im Sommer. Diese Eigenschaft spart Energie, da der Einsatz von Klimaanlagen reduziert wird, insbesondere in Geb\u00e4uden in hei\u00dfen Klimazonen.<\/p><p>W\u00e4rmegewinne und -verluste entstehen durch direkte Leitf\u00e4higkeit, Strahlung und Luftleckagen von Bauelementen. Durch den Einsatz speziell entwickelter D\u00e4mmstoffe und Verglasungstechniken wird dieser W\u00e4rmetransport optimiert und damit die Energieeffizienz von Geb\u00e4uden erh\u00f6ht.<\/p><p>Folglich sind Kennzahlen wie U-Faktor, R-Wert und G-Wert entscheidend f\u00fcr die Beurteilung der Leistung von Baumaterialien in Bezug auf Isolierung und Energieeffizienz. Unser Unternehmen hat sich diesen wissenschaftlichen Ansatz zu eigen gemacht und verwendet unter Ber\u00fccksichtigung dieser Kriterien die am besten geeigneten Materialien f\u00fcr PVC-T\u00fcr- und Fenstersysteme. Energieeffizienz ist nicht nur eine Verantwortung f\u00fcr die Umwelt, sondern auch eine kluge Investition, die langfristig Kosten spart. Wenn Sie sich f\u00fcr unsere Produkte entscheiden, erh\u00f6hen Sie die Energieeffizienz und den Komfort Ihres Hauses oder Arbeitsplatzes erheblich. Diese Investition wird sich im Laufe der Zeit auszahlen und ist ein wichtiger Schritt in Richtung einer nachhaltigen Zukunft.<\/p><p>\u00a0<\/p>\t\t\t\t\t\t<\/div>\n\t\t\t\t<\/div>\n\t\t\t\t\t<\/div>\n\t\t<\/div>\n\t\t\t\t\t<\/div>\n\t\t<\/section>\n\t\t\t\t<section class=\"elementor-section elementor-top-section elementor-element elementor-element-65805697 elementor-section-stretched elementor-section-boxed elementor-section-height-default elementor-section-height-default\" data-id=\"65805697\" data-element_type=\"section\" data-settings=\"{&quot;stretch_section&quot;:&quot;section-stretched&quot;}\">\n\t\t\t\t\t\t<div class=\"elementor-container elementor-column-gap-no\">\n\t\t\t\t\t<div class=\"elementor-column elementor-col-100 elementor-top-column elementor-element elementor-element-10402eda\" data-id=\"10402eda\" data-element_type=\"column\">\n\t\t\t<div class=\"elementor-widget-wrap elementor-element-populated\">\n\t\t\t\t\t\t<section class=\"elementor-section elementor-inner-section elementor-element elementor-element-583a7483 elementor-section-height-min-height elementor-section-content-middle elementor-section-boxed elementor-section-height-default\" data-id=\"583a7483\" data-element_type=\"section\" data-settings=\"{&quot;background_background&quot;:&quot;classic&quot;}\">\n\t\t\t\t\t\t<div class=\"elementor-container elementor-column-gap-extended\">\n\t\t\t\t\t<div class=\"elementor-column elementor-col-50 elementor-inner-column elementor-element elementor-element-11cdaa49\" data-id=\"11cdaa49\" data-element_type=\"column\">\n\t\t\t<div class=\"elementor-widget-wrap elementor-element-populated\">\n\t\t\t\t\t\t<div class=\"elementor-element elementor-element-2dab611e elementor-widget elementor-widget-energium_heading\" data-id=\"2dab611e\" data-element_type=\"widget\" data-widget_type=\"energium_heading.default\">\n\t\t\t\t<div class=\"elementor-widget-container\">\n\t\t\t<div class=\"energium-heading-widget\"><h2 class=\"energium-heading\"><span class=\"energium-heading-content\">Wie k\u00f6nnen wir Ihnen helfen?<\/span><\/h2><\/div>\t\t<\/div>\n\t\t\t\t<\/div>\n\t\t\t\t<div class=\"elementor-element elementor-element-4776eb03 elementor-widget elementor-widget-text-editor\" data-id=\"4776eb03\" data-element_type=\"widget\" data-widget_type=\"text-editor.default\">\n\t\t\t\t<div class=\"elementor-widget-container\">\n\t\t\t\t\t\t\t<p>Wir sind bereit, Ihnen mit unserem professionellen Team zu helfen.<\/p>\t\t\t\t\t\t<\/div>\n\t\t\t\t<\/div>\n\t\t\t\t\t<\/div>\n\t\t<\/div>\n\t\t\t\t<div class=\"elementor-column elementor-col-50 elementor-inner-column elementor-element elementor-element-578aa40b\" data-id=\"578aa40b\" data-element_type=\"column\">\n\t\t\t<div class=\"elementor-widget-wrap elementor-element-populated\">\n\t\t\t\t\t\t<div class=\"elementor-element elementor-element-4c9fc4a0 elementor-view-stacked pulse-animation-yes elementor-shape-circle elementor-widget elementor-widget-icon\" data-id=\"4c9fc4a0\" data-element_type=\"widget\" data-widget_type=\"icon.default\">\n\t\t\t\t<div class=\"elementor-widget-container\">\n\t\t\t\t\t<div class=\"elementor-icon-wrapper\">\n\t\t\t<div class=\"elementor-icon\">\n\t\t\t<i aria-hidden=\"true\" class=\"fontello icon-calling\"><\/i>\t\t\t<\/div>\n\t\t<\/div>\n\t\t\t\t<\/div>\n\t\t\t\t<\/div>\n\t\t\t\t<div class=\"elementor-element elementor-element-adb8118 elementor-widget elementor-widget-text-editor\" data-id=\"adb8118\" data-element_type=\"widget\" data-widget_type=\"text-editor.default\">\n\t\t\t\t<div class=\"elementor-widget-container\">\n\t\t\t\t\t\t\t<p>Support-Hotline<\/p>\t\t\t\t\t\t<\/div>\n\t\t\t\t<\/div>\n\t\t\t\t<div class=\"elementor-element elementor-element-3ed91352 elementor-widget elementor-widget-energium_heading\" data-id=\"3ed91352\" data-element_type=\"widget\" data-widget_type=\"energium_heading.default\">\n\t\t\t\t<div class=\"elementor-widget-container\">\n\t\t\t<div class=\"energium-heading-widget\"><h2 class=\"energium-heading\"><span class=\"energium-heading-content\">+90 342 606 0961<\/span><\/h2><\/div>\t\t<\/div>\n\t\t\t\t<\/div>\n\t\t\t\t\t<\/div>\n\t\t<\/div>\n\t\t\t\t\t<\/div>\n\t\t<\/section>\n\t\t\t\t\t<\/div>\n\t\t<\/div>\n\t\t\t\t\t<\/div>\n\t\t<\/section>\n\t\t\t\t<\/div>\n\t\t","protected":false},"excerpt":{"rendered":"<p>Die Energieeffizienz ist ein entscheidender Faktor bei der Auswahl moderner Baumaterialien, die im Hinblick auf die \u00f6kologische Nachhaltigkeit und wirtschaftliche Einsparungen in der heutigen Welt von gro\u00dfer Bedeutung sind. In diesem Zusammenhang r\u00fccken Kriterien wie der U-Faktor, der R-Wert und der&#8230;<\/p>\n","protected":false},"author":2,"featured_media":0,"parent":0,"menu_order":0,"comment_status":"closed","ping_status":"closed","template":"","meta":{"inline_featured_image":false,"footnotes":""},"class_list":["post-7196","page","type-page","status-publish","hentry"],"jetpack_sharing_enabled":true,"_links":{"self":[{"href":"https:\/\/www.innoveragroup.com.tr\/de\/wp-json\/wp\/v2\/pages\/7196","targetHints":{"allow":["GET"]}}],"collection":[{"href":"https:\/\/www.innoveragroup.com.tr\/de\/wp-json\/wp\/v2\/pages"}],"about":[{"href":"https:\/\/www.innoveragroup.com.tr\/de\/wp-json\/wp\/v2\/types\/page"}],"author":[{"embeddable":true,"href":"https:\/\/www.innoveragroup.com.tr\/de\/wp-json\/wp\/v2\/users\/2"}],"replies":[{"embeddable":true,"href":"https:\/\/www.innoveragroup.com.tr\/de\/wp-json\/wp\/v2\/comments?post=7196"}],"version-history":[{"count":0,"href":"https:\/\/www.innoveragroup.com.tr\/de\/wp-json\/wp\/v2\/pages\/7196\/revisions"}],"wp:attachment":[{"href":"https:\/\/www.innoveragroup.com.tr\/de\/wp-json\/wp\/v2\/media?parent=7196"}],"curies":[{"name":"wp","href":"https:\/\/api.w.org\/{rel}","templated":true}]}}