{"id":7258,"date":"2024-02-04T21:44:52","date_gmt":"2024-02-04T21:44:52","guid":{"rendered":"https:\/\/www.innoveragroup.com.tr\/misyon-vizyon\/"},"modified":"2024-06-27T22:00:53","modified_gmt":"2024-06-27T22:00:53","slug":"auftrag-und-vision","status":"publish","type":"page","link":"https:\/\/www.innoveragroup.com.tr\/de\/auftrag-und-vision\/","title":{"rendered":"Auftrag und Vision"},"content":{"rendered":"\t\t<div data-elementor-type=\"wp-page\" data-elementor-id=\"7258\" class=\"elementor elementor-7258 elementor-5592\" data-elementor-post-type=\"page\">\n\t\t\t\t\t\t<section class=\"elementor-section elementor-top-section elementor-element elementor-element-4c10174 elementor-section-boxed elementor-section-height-default elementor-section-height-default\" data-id=\"4c10174\" data-element_type=\"section\">\n\t\t\t\t\t\t<div class=\"elementor-container elementor-column-gap-default\">\n\t\t\t\t\t<div class=\"elementor-column elementor-col-33 elementor-top-column elementor-element elementor-element-0802a90\" data-id=\"0802a90\" data-element_type=\"column\">\n\t\t\t<div class=\"elementor-widget-wrap elementor-element-populated\">\n\t\t\t\t\t\t<div class=\"elementor-element elementor-element-3cf4709 elementor-hidden-laptop elementor-hidden-tablet_extra elementor-hidden-tablet elementor-hidden-mobile_extra elementor-hidden-mobile elementor-absolute elementor-widget elementor-widget-energium_vertical_text\" data-id=\"3cf4709\" data-element_type=\"widget\" data-settings=\"{&quot;_position&quot;:&quot;absolute&quot;}\" data-widget_type=\"energium_vertical_text.default\">\n\t\t\t\t<div class=\"elementor-widget-container\">\n\t\t\t<div class=\"vertical-text\">\u00dcber uns<\/div>\t\t<\/div>\n\t\t\t\t<\/div>\n\t\t\t\t<div class=\"elementor-element elementor-element-77a25c6 elementor-widget elementor-widget-counter\" data-id=\"77a25c6\" data-element_type=\"widget\" data-widget_type=\"counter.default\">\n\t\t\t\t<div class=\"elementor-widget-container\">\n\t\t\t\t\t<div class=\"elementor-counter\">\n\t\t\t<div class=\"elementor-counter-title\">Abgeschlossenes Projekt<\/div>\t\t\t<div class=\"elementor-counter-number-wrapper\">\n\t\t\t\t<span class=\"elementor-counter-number-prefix\"><\/span>\n\t\t\t\t<span class=\"elementor-counter-number\" data-duration=\"2000\" data-to-value=\"1350\" data-from-value=\"1000\" data-delimiter=\".\">1000<\/span>\n\t\t\t\t<span class=\"elementor-counter-number-suffix\"><\/span>\n\t\t\t<\/div>\n\t\t<\/div>\n\t\t\t\t<\/div>\n\t\t\t\t<\/div>\n\t\t\t\t<div class=\"elementor-element elementor-element-087656e elementor-widget elementor-widget-counter\" data-id=\"087656e\" data-element_type=\"widget\" data-widget_type=\"counter.default\">\n\t\t\t\t<div class=\"elementor-widget-container\">\n\t\t\t\t\t<div class=\"elementor-counter\">\n\t\t\t<div class=\"elementor-counter-title\">Produktionskapazit\u00e4t<\/div>\t\t\t<div class=\"elementor-counter-number-wrapper\">\n\t\t\t\t<span class=\"elementor-counter-number-prefix\"><\/span>\n\t\t\t\t<span class=\"elementor-counter-number\" data-duration=\"2000\" data-to-value=\"3000\" data-from-value=\"10000\" data-delimiter=\".\">10000<\/span>\n\t\t\t\t<span class=\"elementor-counter-number-suffix\">m2<\/span>\n\t\t\t<\/div>\n\t\t<\/div>\n\t\t\t\t<\/div>\n\t\t\t\t<\/div>\n\t\t\t\t\t<\/div>\n\t\t<\/div>\n\t\t\t\t<div class=\"elementor-column elementor-col-66 elementor-top-column elementor-element elementor-element-88613be\" data-id=\"88613be\" data-element_type=\"column\">\n\t\t\t<div class=\"elementor-widget-wrap elementor-element-populated\">\n\t\t\t\t\t\t<div class=\"elementor-element elementor-element-e11352c elementor-widget elementor-widget-text-editor\" data-id=\"e11352c\" data-element_type=\"widget\" data-widget_type=\"text-editor.default\">\n\t\t\t\t<div class=\"elementor-widget-container\">\n\t\t\t\t\t\t\t<p><strong>Unsere Vision<\/strong><br \/>Als Innovera streben wir eine f\u00fchrende Rolle in der Branche an. Mit unseren kontinuierlich innovativen und l\u00f6sungsorientierten Ans\u00e4tzen wollen wir eine f\u00fchrende Marke im Bereich der Fenster-, T\u00fcr- und Schiebesysteme aus PVC sein. Unser Ziel ist es, Lebensr\u00e4ume sicherer, komfortabler und \u00e4sthetischer zu machen, indem wir die am besten geeigneten und qualitativ hochwertigen L\u00f6sungen f\u00fcr die Bed\u00fcrfnisse unserer Kunden anbieten.<\/p><p><strong>Unser Auftrag<\/strong><br \/>Unser Ziel ist es, unseren Kunden einen Mehrwert zu bieten und ihre Erwartungen zu \u00fcbertreffen. Mit unseren Qualit\u00e4tsprodukten und unserem kundenorientierten Serviceansatz sind wir stets bestrebt, die Kundenzufriedenheit auf h\u00f6chstem Niveau zu halten. Wir streben nach kontinuierlicher Verbesserung und Entwicklung, indem wir die technologischen Entwicklungen in der Branche genau verfolgen. Als Innovera unternehmen wir entscheidende Schritte, um eine f\u00fchrende Marke in der Branche zu werden, ohne dabei Kompromisse bei den Grunds\u00e4tzen der Zuverl\u00e4ssigkeit, Qualit\u00e4t und Kundenzufriedenheit einzugehen.<\/p>\t\t\t\t\t\t<\/div>\n\t\t\t\t<\/div>\n\t\t\t\t\t<\/div>\n\t\t<\/div>\n\t\t\t\t\t<\/div>\n\t\t<\/section>\n\t\t\t\t<section class=\"elementor-section elementor-top-section elementor-element elementor-element-3338c5d elementor-section-boxed elementor-section-height-default elementor-section-height-default\" data-id=\"3338c5d\" data-element_type=\"section\">\n\t\t\t\t\t\t<div class=\"elementor-container elementor-column-gap-default\">\n\t\t\t\t\t<div class=\"elementor-column elementor-col-100 elementor-top-column elementor-element elementor-element-56ea793\" data-id=\"56ea793\" data-element_type=\"column\">\n\t\t\t<div class=\"elementor-widget-wrap elementor-element-populated\">\n\t\t\t\t\t\t<div class=\"elementor-element elementor-element-c13e4b4 elementor-widget__width-initial elementor-absolute elementor-hidden-mobile elementor-widget elementor-widget-image\" data-id=\"c13e4b4\" data-element_type=\"widget\" data-settings=\"{&quot;_position&quot;:&quot;absolute&quot;}\" data-widget_type=\"image.default\">\n\t\t\t\t<div class=\"elementor-widget-container\">\n\t\t\t\t\t\t\t\t\t\t\t\t\t<img fetchpriority=\"high\" decoding=\"async\" width=\"586\" height=\"630\" src=\"https:\/\/www.innoveragroup.com.tr\/wp-content\/uploads\/2022\/01\/home1-bg1.png\" class=\"attachment-full size-full wp-image-880\" alt=\"\" srcset=\"https:\/\/www.innoveragroup.com.tr\/wp-content\/uploads\/2022\/01\/home1-bg1.png 586w, https:\/\/www.innoveragroup.com.tr\/wp-content\/uploads\/2022\/01\/home1-bg1-470x505.png 470w, https:\/\/www.innoveragroup.com.tr\/wp-content\/uploads\/2022\/01\/home1-bg1-279x300.png 279w\" sizes=\"(max-width: 586px) 100vw, 586px\" \/>\t\t\t\t\t\t\t\t\t\t\t\t\t<\/div>\n\t\t\t\t<\/div>\n\t\t\t\t<div class=\"elementor-element elementor-element-e999786 elementor-absolute elementor-hidden-mobile_extra elementor-hidden-mobile elementor-widget elementor-widget-energium_vertical_text\" data-id=\"e999786\" data-element_type=\"widget\" data-settings=\"{&quot;_position&quot;:&quot;absolute&quot;}\" data-widget_type=\"energium_vertical_text.default\">\n\t\t\t\t<div class=\"elementor-widget-container\">\n\t\t\t<div class=\"vertical-text\">INNOVERA<\/div>\t\t<\/div>\n\t\t\t\t<\/div>\n\t\t\t\t<div class=\"elementor-element elementor-element-f2e6160 elementor-widget elementor-widget-energium_heading\" data-id=\"f2e6160\" data-element_type=\"widget\" data-widget_type=\"energium_heading.default\">\n\t\t\t\t<div class=\"elementor-widget-container\">\n\t\t\t<div class=\"energium-heading-widget\"><h1 class=\"energium-heading\"><span class=\"energium-heading-content\">Wir produzieren f\u00fcr die Welt\n<span style=\"color: #0d80ce\">Wir gestalten Tr\u00e4ume\n<\/span><br>\n<span style=\"color: #0dceb5\">Wir liefern Qualit\u00e4t. <\/span><\/span><\/h1><\/div>\t\t<\/div>\n\t\t\t\t<\/div>\n\t\t\t\t\t<\/div>\n\t\t<\/div>\n\t\t\t\t\t<\/div>\n\t\t<\/section>\n\t\t\t\t<\/div>\n\t\t","protected":false},"excerpt":{"rendered":"<p>Abgeschlossenes Projekt 1000 Produktionskapazit\u00e4t 10000 m2 Unsere VisionAls Innovera streben wir eine f\u00fchrende Rolle in der Branche an. Mit unseren kontinuierlich innovativen und l\u00f6sungsorientierten Ans\u00e4tzen wollen wir eine f\u00fchrende Marke im Bereich der Fenster-, T\u00fcr- und Schiebesysteme aus PVC sein. Unser&#8230;<\/p>\n","protected":false},"author":2,"featured_media":0,"parent":0,"menu_order":0,"comment_status":"closed","ping_status":"closed","template":"","meta":{"inline_featured_image":false,"footnotes":""},"class_list":["post-7258","page","type-page","status-publish","hentry"],"jetpack_sharing_enabled":true,"_links":{"self":[{"href":"https:\/\/www.innoveragroup.com.tr\/de\/wp-json\/wp\/v2\/pages\/7258","targetHints":{"allow":["GET"]}}],"collection":[{"href":"https:\/\/www.innoveragroup.com.tr\/de\/wp-json\/wp\/v2\/pages"}],"about":[{"href":"https:\/\/www.innoveragroup.com.tr\/de\/wp-json\/wp\/v2\/types\/page"}],"author":[{"embeddable":true,"href":"https:\/\/www.innoveragroup.com.tr\/de\/wp-json\/wp\/v2\/users\/2"}],"replies":[{"embeddable":true,"href":"https:\/\/www.innoveragroup.com.tr\/de\/wp-json\/wp\/v2\/comments?post=7258"}],"version-history":[{"count":0,"href":"https:\/\/www.innoveragroup.com.tr\/de\/wp-json\/wp\/v2\/pages\/7258\/revisions"}],"wp:attachment":[{"href":"https:\/\/www.innoveragroup.com.tr\/de\/wp-json\/wp\/v2\/media?parent=7258"}],"curies":[{"name":"wp","href":"https:\/\/api.w.org\/{rel}","templated":true}]}}