{"id":7288,"date":"2024-02-20T21:08:15","date_gmt":"2024-02-20T21:08:15","guid":{"rendered":"https:\/\/www.innoveragroup.com.tr\/panjur-sistemleri\/"},"modified":"2024-06-29T19:39:39","modified_gmt":"2024-06-29T19:39:39","slug":"rollladensysteme","status":"publish","type":"page","link":"https:\/\/www.innoveragroup.com.tr\/de\/rollladensysteme\/","title":{"rendered":"ROLLLADENSYSTEME"},"content":{"rendered":"\t\t<div data-elementor-type=\"wp-page\" data-elementor-id=\"7288\" class=\"elementor elementor-7288 elementor-5822\" data-elementor-post-type=\"page\">\n\t\t\t\t\t\t<section class=\"elementor-section elementor-top-section elementor-element elementor-element-c561931 elementor-section-boxed elementor-section-height-default elementor-section-height-default\" data-id=\"c561931\" data-element_type=\"section\">\n\t\t\t\t\t\t<div class=\"elementor-container elementor-column-gap-default\">\n\t\t\t\t\t<div class=\"elementor-column elementor-col-100 elementor-top-column elementor-element elementor-element-091335e\" data-id=\"091335e\" data-element_type=\"column\">\n\t\t\t<div class=\"elementor-widget-wrap elementor-element-populated\">\n\t\t\t\t\t\t<div class=\"elementor-element elementor-element-4fa13be elementor-widget elementor-widget-energium_heading\" data-id=\"4fa13be\" data-element_type=\"widget\" data-widget_type=\"energium_heading.default\">\n\t\t\t\t<div class=\"elementor-widget-container\">\n\t\t\t<div class=\"energium-heading-widget\"><h2 class=\"energium-heading\"><span class=\"energium-heading-content\">Rollladensysteme<\/span><\/h2><\/div>\t\t<\/div>\n\t\t\t\t<\/div>\n\t\t\t\t<div class=\"elementor-element elementor-element-ec54075 elementor-widget elementor-widget-text-editor\" data-id=\"ec54075\" data-element_type=\"widget\" data-widget_type=\"text-editor.default\">\n\t\t\t\t<div class=\"elementor-widget-container\">\n\t\t\t\t\t\t\t<p>Statten Sie Ihre Fenster mit modernen Jalousien aus, die viel mehr als nur Beschattung bieten. Durch die Kombination von \u00c4sthetik und Funktionalit\u00e4t versch\u00f6nern die Rollladensysteme von Innovera nicht nur Ihre R\u00e4ume, sondern sorgen auch f\u00fcr Energieeffizienz, verbesserte Schalld\u00e4mmung und ein hohes Ma\u00df an Sicherheit. Sogar Ihre Holzfenster sind mit diesen innovativen Fensterl\u00e4den vor Witterungseinfl\u00fcssen gesch\u00fctzt, so dass sie eine lange Lebensdauer haben.<\/p>\n<p><strong>Elegante aufgesetzte Jalousien<\/strong><\/p>\n<p>Wenn Sie den Nutzen Ihres Raumes maximieren m\u00f6chten, ohne sein \u00e4u\u00dferes Erscheinungsbild zu beeintr\u00e4chtigen, sind unsere Aufsatzjalousien ideal. Diese Jalousien, die sich an alle Arten von Fenstermaterialien anpassen, lassen sich problemlos in Ihre neuen Geb\u00e4ude integrieren oder als eleganter Akzent an Ihrem bestehenden Geb\u00e4ude anbringen. Mit einer Vielzahl von Optionen in Bezug auf das Aussehen und die Benutzerfreundlichkeit bieten wir eine L\u00f6sung, die zu Ihrem Raum passt.<\/p>\n<p><strong>Individuell anpassbare vormontierte Rolll\u00e4den<\/strong><\/p>\n<p>Unsere vormontierten Lamellen sind so konzipiert, dass sie sich perfekt in Ihr \u00c4u\u00dferes einf\u00fcgen. Bei der Option mit versenktem Kasten sind die Lamellenk\u00e4sten von au\u00dfen nicht sichtbar und verleihen Ihrem Raum ein modernes und stilvolles Aussehen. Diese Fensterl\u00e4den bieten Ihnen nicht nur \u00e4sthetische, sondern auch funktionelle Freiheit.<\/p>\n<p><strong>Freiheit bei der Materialauswahl<\/strong><\/p>\n<p>W\u00e4hlen Sie das Material, das am besten zu Ihren Bed\u00fcrfnissen passt, sei es robustes und langlebiges Aluminium oder kosteng\u00fcnstiges und isolierendes PVC. Beide Optionen bieten eine breite Farbpalette und werten Ihren Raum durch hohe Verarbeitungsstandards auf.<\/p>\n<p><strong>Die Eleganz von Aluminium und der Komfort von PVC<\/strong><\/p>\n<p>Aluminium-Fensterl\u00e4den bieten Schutz vor den sch\u00e4dlichen Auswirkungen der Sonne, w\u00e4hrend PVC-Fensterl\u00e4den Energieeinsparungen und eine hervorragende Schalld\u00e4mmung bieten. Beide Materialien erh\u00f6hen Ihre Lebensqualit\u00e4t und versch\u00f6nern Ihre R\u00e4ume durch eine lange Lebensdauer und minimalen Wartungsbedarf.<\/p>\n<p><strong>Wo sich Technologie und Design treffen<\/strong><\/p>\n<p>Wir bei Innovera sind uns bewusst, dass Rolll\u00e4den nicht nur zur Beschattung eingesetzt werden k\u00f6nnen. Deshalb statten wir unsere Rollladensysteme mit der neuesten Technologie aus. Ob manuell oder motorisiert, unsere Rolll\u00e4den bieten Bequemlichkeit und Komfort. Mit modernen Automatisierungsl\u00f6sungen werden Ihre Rolll\u00e4den zu einem intelligenten Teil Ihres t\u00e4glichen Lebens.<\/p>\n<p>Sie wollen nur das Beste f\u00fcr Ihre Fenster. Verwandeln Sie Ihre R\u00e4ume mit innovativen Rollladenl\u00f6sungen von Innovera. Sie m\u00fcssen sich nicht zwischen Sch\u00f6nheit, Komfort und Sicherheit entscheiden; wir bieten Ihnen alles in einem. Kontaktieren Sie uns und entdecken Sie.<\/p>\t\t\t\t\t\t<\/div>\n\t\t\t\t<\/div>\n\t\t\t\t\t<\/div>\n\t\t<\/div>\n\t\t\t\t\t<\/div>\n\t\t<\/section>\n\t\t\t\t<section class=\"elementor-section elementor-top-section elementor-element elementor-element-c4d282b elementor-section-boxed elementor-section-height-default elementor-section-height-default\" data-id=\"c4d282b\" data-element_type=\"section\">\n\t\t\t\t\t\t<div class=\"elementor-container elementor-column-gap-default\">\n\t\t\t\t\t<div class=\"elementor-column elementor-col-100 elementor-top-column elementor-element elementor-element-e054c6e\" data-id=\"e054c6e\" data-element_type=\"column\">\n\t\t\t<div class=\"elementor-widget-wrap elementor-element-populated\">\n\t\t\t\t\t\t<div class=\"elementor-element elementor-element-709464a elementor-widget elementor-widget-spacer\" data-id=\"709464a\" data-element_type=\"widget\" data-widget_type=\"spacer.default\">\n\t\t\t\t<div class=\"elementor-widget-container\">\n\t\t\t\t\t<div class=\"elementor-spacer\">\n\t\t\t<div class=\"elementor-spacer-inner\"><\/div>\n\t\t<\/div>\n\t\t\t\t<\/div>\n\t\t\t\t<\/div>\n\t\t\t\t<div class=\"elementor-element elementor-element-a84b5c7 elementor-widget elementor-widget-spacer\" data-id=\"a84b5c7\" data-element_type=\"widget\" data-widget_type=\"spacer.default\">\n\t\t\t\t<div class=\"elementor-widget-container\">\n\t\t\t\t\t<div class=\"elementor-spacer\">\n\t\t\t<div class=\"elementor-spacer-inner\"><\/div>\n\t\t<\/div>\n\t\t\t\t<\/div>\n\t\t\t\t<\/div>\n\t\t\t\t\t<\/div>\n\t\t<\/div>\n\t\t\t\t\t<\/div>\n\t\t<\/section>\n\t\t\t\t<section class=\"elementor-section elementor-top-section elementor-element elementor-element-1ab2834 elementor-section-stretched elementor-section-boxed elementor-section-height-default elementor-section-height-default\" data-id=\"1ab2834\" data-element_type=\"section\" data-settings=\"{&quot;stretch_section&quot;:&quot;section-stretched&quot;}\">\n\t\t\t\t\t\t<div class=\"elementor-container elementor-column-gap-no\">\n\t\t\t\t\t<div class=\"elementor-column elementor-col-100 elementor-top-column elementor-element elementor-element-f846b36\" data-id=\"f846b36\" data-element_type=\"column\">\n\t\t\t<div class=\"elementor-widget-wrap elementor-element-populated\">\n\t\t\t\t\t\t<section class=\"elementor-section elementor-inner-section elementor-element elementor-element-14341b elementor-section-height-min-height elementor-section-content-middle elementor-section-boxed elementor-section-height-default\" data-id=\"14341b\" data-element_type=\"section\" data-settings=\"{&quot;background_background&quot;:&quot;classic&quot;}\">\n\t\t\t\t\t\t<div class=\"elementor-container elementor-column-gap-extended\">\n\t\t\t\t\t<div class=\"elementor-column elementor-col-50 elementor-inner-column elementor-element elementor-element-37602797\" data-id=\"37602797\" data-element_type=\"column\">\n\t\t\t<div class=\"elementor-widget-wrap elementor-element-populated\">\n\t\t\t\t\t\t<div class=\"elementor-element elementor-element-471add0a elementor-widget elementor-widget-energium_heading\" data-id=\"471add0a\" data-element_type=\"widget\" data-widget_type=\"energium_heading.default\">\n\t\t\t\t<div class=\"elementor-widget-container\">\n\t\t\t<div class=\"energium-heading-widget\"><h2 class=\"energium-heading\"><span class=\"energium-heading-content\">Wie k\u00f6nnen wir Ihnen helfen?<\/span><\/h2><\/div>\t\t<\/div>\n\t\t\t\t<\/div>\n\t\t\t\t<div class=\"elementor-element elementor-element-45ae1fe3 elementor-widget elementor-widget-text-editor\" data-id=\"45ae1fe3\" data-element_type=\"widget\" data-widget_type=\"text-editor.default\">\n\t\t\t\t<div class=\"elementor-widget-container\">\n\t\t\t\t\t\t\t<p>Wir sind bereit, Ihnen mit unserem professionellen Team zu helfen.<\/p>\t\t\t\t\t\t<\/div>\n\t\t\t\t<\/div>\n\t\t\t\t\t<\/div>\n\t\t<\/div>\n\t\t\t\t<div class=\"elementor-column elementor-col-50 elementor-inner-column elementor-element elementor-element-1f1c9e70\" data-id=\"1f1c9e70\" data-element_type=\"column\">\n\t\t\t<div class=\"elementor-widget-wrap elementor-element-populated\">\n\t\t\t\t\t\t<div class=\"elementor-element elementor-element-57dea944 elementor-view-stacked pulse-animation-yes elementor-shape-circle elementor-widget elementor-widget-icon\" data-id=\"57dea944\" data-element_type=\"widget\" data-widget_type=\"icon.default\">\n\t\t\t\t<div class=\"elementor-widget-container\">\n\t\t\t\t\t<div class=\"elementor-icon-wrapper\">\n\t\t\t<div class=\"elementor-icon\">\n\t\t\t<i aria-hidden=\"true\" class=\"fontello icon-calling\"><\/i>\t\t\t<\/div>\n\t\t<\/div>\n\t\t\t\t<\/div>\n\t\t\t\t<\/div>\n\t\t\t\t<div class=\"elementor-element elementor-element-4947f07f elementor-widget elementor-widget-text-editor\" data-id=\"4947f07f\" data-element_type=\"widget\" data-widget_type=\"text-editor.default\">\n\t\t\t\t<div class=\"elementor-widget-container\">\n\t\t\t\t\t\t\t<p>Support-Hotline<\/p>\t\t\t\t\t\t<\/div>\n\t\t\t\t<\/div>\n\t\t\t\t<div class=\"elementor-element elementor-element-15f4ec89 elementor-widget elementor-widget-energium_heading\" data-id=\"15f4ec89\" data-element_type=\"widget\" data-widget_type=\"energium_heading.default\">\n\t\t\t\t<div class=\"elementor-widget-container\">\n\t\t\t<div class=\"energium-heading-widget\"><h2 class=\"energium-heading\"><span class=\"energium-heading-content\">+90 342 606 0961<\/span><\/h2><\/div>\t\t<\/div>\n\t\t\t\t<\/div>\n\t\t\t\t\t<\/div>\n\t\t<\/div>\n\t\t\t\t\t<\/div>\n\t\t<\/section>\n\t\t\t\t\t<\/div>\n\t\t<\/div>\n\t\t\t\t\t<\/div>\n\t\t<\/section>\n\t\t\t\t<\/div>\n\t\t","protected":false},"excerpt":{"rendered":"<p>Statten Sie Ihre Fenster mit modernen Jalousien aus, die viel mehr als nur Beschattung bieten. Durch die Kombination von \u00c4sthetik und Funktionalit\u00e4t versch\u00f6nern die Rollladensysteme von Innovera nicht nur Ihre R\u00e4ume, sondern sorgen auch f\u00fcr Energieeffizienz, verbesserte Schalld\u00e4mmung und ein hohes&#8230;<\/p>\n","protected":false},"author":2,"featured_media":0,"parent":0,"menu_order":0,"comment_status":"closed","ping_status":"closed","template":"","meta":{"inline_featured_image":false,"footnotes":""},"class_list":["post-7288","page","type-page","status-publish","hentry"],"jetpack_sharing_enabled":true,"_links":{"self":[{"href":"https:\/\/www.innoveragroup.com.tr\/de\/wp-json\/wp\/v2\/pages\/7288","targetHints":{"allow":["GET"]}}],"collection":[{"href":"https:\/\/www.innoveragroup.com.tr\/de\/wp-json\/wp\/v2\/pages"}],"about":[{"href":"https:\/\/www.innoveragroup.com.tr\/de\/wp-json\/wp\/v2\/types\/page"}],"author":[{"embeddable":true,"href":"https:\/\/www.innoveragroup.com.tr\/de\/wp-json\/wp\/v2\/users\/2"}],"replies":[{"embeddable":true,"href":"https:\/\/www.innoveragroup.com.tr\/de\/wp-json\/wp\/v2\/comments?post=7288"}],"version-history":[{"count":0,"href":"https:\/\/www.innoveragroup.com.tr\/de\/wp-json\/wp\/v2\/pages\/7288\/revisions"}],"wp:attachment":[{"href":"https:\/\/www.innoveragroup.com.tr\/de\/wp-json\/wp\/v2\/media?parent=7288"}],"curies":[{"name":"wp","href":"https:\/\/api.w.org\/{rel}","templated":true}]}}