{"id":7461,"date":"2024-02-18T21:01:39","date_gmt":"2024-02-18T21:01:39","guid":{"rendered":"https:\/\/www.innoveragroup.com.tr\/teklif-formu\/"},"modified":"2024-07-01T21:00:19","modified_gmt":"2024-07-01T21:00:19","slug":"angebotsformular","status":"publish","type":"page","link":"https:\/\/www.innoveragroup.com.tr\/de\/angebotsformular\/","title":{"rendered":"Angebotsformular"},"content":{"rendered":"\t\t<div data-elementor-type=\"wp-page\" data-elementor-id=\"7461\" class=\"elementor elementor-7461 elementor-5664\" data-elementor-post-type=\"page\">\n\t\t\t\t\t\t<section class=\"elementor-section elementor-top-section elementor-element elementor-element-6060d77 elementor-section-boxed elementor-section-height-default elementor-section-height-default\" data-id=\"6060d77\" data-element_type=\"section\">\n\t\t\t\t\t\t<div class=\"elementor-container elementor-column-gap-default\">\n\t\t\t\t\t<div class=\"elementor-column elementor-col-50 elementor-top-column elementor-element elementor-element-ad6bb83\" data-id=\"ad6bb83\" data-element_type=\"column\">\n\t\t\t<div class=\"elementor-widget-wrap elementor-element-populated\">\n\t\t\t\t\t\t<div class=\"elementor-element elementor-element-c0faa8d elementor-widget-laptop__width-initial elementor-widget elementor-widget-wpforms\" data-id=\"c0faa8d\" data-element_type=\"widget\" data-widget_type=\"wpforms.default\">\n\t\t\t\t<div class=\"elementor-widget-container\">\n\t\t\t<style id=\"wpforms-css-vars-root\">\n\t\t\t\t:root {\n\t\t\t\t\t--wpforms-field-border-radius: 3px;\n--wpforms-field-border-style: solid;\n--wpforms-field-border-size: 1px;\n--wpforms-field-background-color: #ffffff;\n--wpforms-field-border-color: rgba( 0, 0, 0, 0.25 );\n--wpforms-field-border-color-spare: rgba( 0, 0, 0, 0.25 );\n--wpforms-field-text-color: rgba( 0, 0, 0, 0.7 );\n--wpforms-field-menu-color: #ffffff;\n--wpforms-label-color: rgba( 0, 0, 0, 0.85 );\n--wpforms-label-sublabel-color: rgba( 0, 0, 0, 0.55 );\n--wpforms-label-error-color: #d63637;\n--wpforms-button-border-radius: 3px;\n--wpforms-button-border-style: none;\n--wpforms-button-border-size: 1px;\n--wpforms-button-background-color: #066aab;\n--wpforms-button-border-color: #066aab;\n--wpforms-button-text-color: #ffffff;\n--wpforms-page-break-color: #066aab;\n--wpforms-background-image: none;\n--wpforms-background-position: center center;\n--wpforms-background-repeat: no-repeat;\n--wpforms-background-size: cover;\n--wpforms-background-width: 100px;\n--wpforms-background-height: 100px;\n--wpforms-background-color: rgba( 0, 0, 0, 0 );\n--wpforms-background-url: none;\n--wpforms-container-padding: 0px;\n--wpforms-container-border-style: none;\n--wpforms-container-border-width: 1px;\n--wpforms-container-border-color: #000000;\n--wpforms-container-border-radius: 3px;\n--wpforms-field-size-input-height: 43px;\n--wpforms-field-size-input-spacing: 15px;\n--wpforms-field-size-font-size: 16px;\n--wpforms-field-size-line-height: 19px;\n--wpforms-field-size-padding-h: 14px;\n--wpforms-field-size-checkbox-size: 16px;\n--wpforms-field-size-sublabel-spacing: 5px;\n--wpforms-field-size-icon-size: 1;\n--wpforms-label-size-font-size: 16px;\n--wpforms-label-size-line-height: 19px;\n--wpforms-label-size-sublabel-font-size: 14px;\n--wpforms-label-size-sublabel-line-height: 17px;\n--wpforms-button-size-font-size: 17px;\n--wpforms-button-size-height: 41px;\n--wpforms-button-size-padding-h: 15px;\n--wpforms-button-size-margin-top: 10px;\n--wpforms-container-shadow-size-box-shadow: none;\n\n\t\t\t\t}\n\t\t\t<\/style><style id=\"wpforms-css-vars-elementor-widget-c0faa8d\">\n\t\t\t\t.elementor-widget-wpforms.elementor-element-c0faa8d {\n\t\t\t\t\t--wpforms-field-size-input-height: 43px;\n--wpforms-field-size-input-spacing: 15px;\n--wpforms-field-size-font-size: 16px;\n--wpforms-field-size-line-height: 19px;\n--wpforms-field-size-padding-h: 14px;\n--wpforms-field-size-checkbox-size: 16px;\n--wpforms-field-size-sublabel-spacing: 5px;\n--wpforms-field-size-icon-size: 1;\n--wpforms-label-size-font-size: 16px;\n--wpforms-label-size-line-height: 19px;\n--wpforms-label-size-sublabel-font-size: 14px;\n--wpforms-label-size-sublabel-line-height: 17px;\n--wpforms-button-size-font-size: 17px;\n--wpforms-button-size-height: 41px;\n--wpforms-button-size-padding-h: 15px;\n--wpforms-button-size-margin-top: 10px;\n\n\t\t\t\t}\n\t\t\t<\/style><div class=\"wpforms-container wpforms-container-full wpforms-render-modern\" id=\"wpforms-5666\"><form id=\"wpforms-form-5666\" class=\"wpforms-validate wpforms-form wpforms-ajax-form\" data-formid=\"5666\" method=\"post\" enctype=\"multipart\/form-data\" action=\"\/de\/wp-json\/wp\/v2\/pages\/7461\" data-token=\"e08923928dc84d6023029c48dccd6582\" data-token-time=\"1778064407\"><div class=\"wpforms-head-container\"><div class=\"wpforms-title\">Kontaktieren Sie uns?<\/div><\/div><noscript class=\"wpforms-error-noscript\">Bitte aktiviere JavaScript in deinem Browser, um dieses Formular fertigzustellen.<\/noscript><div class=\"wpforms-hidden\" id=\"wpforms-error-noscript\">Bitte aktiviere JavaScript in deinem Browser, um dieses Formular fertigzustellen.<\/div><div class=\"wpforms-field-container\"><div id=\"wpforms-5666-field_11-container\" class=\"wpforms-field wpforms-field-text\" data-field-id=\"11\"><div class=\"wpforms-field-wrapper energium-form-field\"><div class=\"energium-label-wrapper\"><div class=\"energium-form-field-border-angle\"><\/div><label class=\"wpforms-field-label\" for=\"wpforms-5666-field_11\">VOLLER NAME<\/label><div class=\"energium-form-field-border-top\"><\/div><\/div><input type=\"text\" id=\"wpforms-5666-field_11\" class=\"wpforms-field-medium\" name=\"wpforms[fields][11]\" aria-errormessage=\"wpforms-5666-field_11-error\" ><div class=\"energium-form-field-border-bottom\"><\/div><\/div><\/div><div id=\"wpforms-5666-field_7-container\" class=\"wpforms-field wpforms-field-email\" data-field-id=\"7\"><div class=\"wpforms-field-wrapper energium-form-field\"><div class=\"energium-label-wrapper\"><div class=\"energium-form-field-border-angle\"><\/div><label class=\"wpforms-field-label\" for=\"wpforms-5666-field_7\">E-MAIL <span class=\"wpforms-required-label\" aria-hidden=\"true\">*<\/span><\/label><div class=\"energium-form-field-border-top\"><\/div><\/div><input type=\"email\" id=\"wpforms-5666-field_7\" class=\"wpforms-field-medium wpforms-field-required\" name=\"wpforms[fields][7]\" spellcheck=\"false\" aria-errormessage=\"wpforms-5666-field_7-error\" required><div class=\"energium-form-field-border-bottom\"><\/div><\/div><\/div><div id=\"wpforms-5666-field_3-container\" class=\"wpforms-field wpforms-field-text\" data-field-id=\"3\"><div class=\"wpforms-field-wrapper energium-form-field\"><div class=\"energium-label-wrapper\"><div class=\"energium-form-field-border-angle\"><\/div><label class=\"wpforms-field-label\" for=\"wpforms-5666-field_3\">TELEFON<\/label><div class=\"energium-form-field-border-top\"><\/div><\/div><input type=\"text\" id=\"wpforms-5666-field_3\" class=\"wpforms-field-medium\" name=\"wpforms[fields][3]\" aria-errormessage=\"wpforms-5666-field_3-error\" ><div class=\"energium-form-field-border-bottom\"><\/div><\/div><\/div><div id=\"wpforms-5666-field_4-container\" class=\"wpforms-field wpforms-field-text\" data-field-id=\"4\"><div class=\"wpforms-field-wrapper energium-form-field\"><div class=\"energium-label-wrapper\"><div class=\"energium-form-field-border-angle\"><\/div><label class=\"wpforms-field-label\" for=\"wpforms-5666-field_4\">SUBJEKT<\/label><div class=\"energium-form-field-border-top\"><\/div><\/div><input type=\"text\" id=\"wpforms-5666-field_4\" class=\"wpforms-field-medium\" name=\"wpforms[fields][4]\" aria-errormessage=\"wpforms-5666-field_4-error\" ><div class=\"energium-form-field-border-bottom\"><\/div><\/div><\/div><div id=\"wpforms-5666-field_10-container\" class=\"wpforms-field wpforms-field-textarea\" data-field-id=\"10\"><div class=\"wpforms-field-wrapper energium-form-field\"><div class=\"energium-label-wrapper\"><div class=\"energium-form-field-border-angle\"><\/div><label class=\"wpforms-field-label\" for=\"wpforms-5666-field_10\">IHRE NACHRICHT <span class=\"wpforms-required-label\" aria-hidden=\"true\">*<\/span><\/label><div class=\"energium-form-field-border-top\"><\/div><\/div><textarea id=\"wpforms-5666-field_10\" class=\"wpforms-field-medium wpforms-field-required\" name=\"wpforms[fields][10]\" aria-errormessage=\"wpforms-5666-field_10-error\" required><\/textarea><div class=\"energium-form-field-border-bottom\"><\/div><\/div><\/div><div id=\"wpforms-5666-field_9-container\" class=\"wpforms-field wpforms-field-payment-checkbox wpforms-list-inline\" data-field-id=\"9\"><fieldset><legend class=\"wpforms-field-label\">Bitte best\u00e4tigen Sie <span class=\"wpforms-required-label\" aria-hidden=\"true\">*<\/span><\/legend><ul id=\"wpforms-5666-field_9\" class=\"wpforms-field-required\"><li class=\"choice-1\"><input type=\"checkbox\" id=\"wpforms-5666-field_9_1\" class=\"wpforms-payment-price\" data-amount=\"10.00\" name=\"wpforms[fields][9][]\" value=\"1\" aria-errormessage=\"wpforms-5666-field_9_1-error\" aria-describedby=\"wpforms-5666-field_9-description\" required ><label class=\"wpforms-field-label-inline\" for=\"wpforms-5666-field_9_1\">Ich habe es gelesen, ich stimme zu.<\/label><\/li><\/ul><div id=\"wpforms-5666-field_9-description\" class=\"wpforms-field-description\">Sie erkl\u00e4ren sich damit einverstanden, dass die oben genannten Daten gespeichert und zur Beantwortung Ihrer Anfrage verwendet werden. Sie k\u00f6nnen diese Erlaubnis jederzeit widerrufen. Weitere Informationen finden Sie in unserer Datenschutzerkl\u00e4rung.<\/div><\/fieldset><\/div><\/div><!-- .wpforms-field-container --><div class=\"wpforms-submit-container\" ><input type=\"hidden\" name=\"wpforms[id]\" value=\"5666\"><input type=\"hidden\" name=\"page_title\" value=\"\"><input type=\"hidden\" name=\"page_url\" value=\"https:\/\/www.innoveragroup.com.tr\/de\/wp-json\/wp\/v2\/pages\/7461\"><button type=\"submit\" name=\"wpforms[submit]\" id=\"wpforms-submit-5666\" class=\"wpforms-submit\" data-alt-text=\"Senden Sie...\" data-submit-text=\"Senden Sie\" aria-live=\"assertive\" value=\"wpforms-submit\">Senden Sie<\/button><img decoding=\"async\" src=\"https:\/\/www.innoveragroup.com.tr\/wp-content\/plugins\/wpforms-lite\/assets\/images\/submit-spin.svg\" class=\"wpforms-submit-spinner\" style=\"display: none;\" width=\"26\" height=\"26\" alt=\"Wird geladen\"><\/div><\/form><\/div>  <!-- .wpforms-container -->\t\t<\/div>\n\t\t\t\t<\/div>\n\t\t\t\t\t<\/div>\n\t\t<\/div>\n\t\t\t\t<div class=\"elementor-column elementor-col-50 elementor-top-column elementor-element elementor-element-6a117f1\" data-id=\"6a117f1\" data-element_type=\"column\">\n\t\t\t<div class=\"elementor-widget-wrap elementor-element-populated\">\n\t\t\t\t\t\t<div class=\"elementor-element elementor-element-a51dca6 elementor-widget elementor-widget-energium_team_member\" data-id=\"a51dca6\" data-element_type=\"widget\" data-widget_type=\"energium_team_member.default\">\n\t\t\t\t<div class=\"elementor-widget-container\">\n\t\t\t\n            <div class=\"energium-team-member-widget\">\n                <div class=\"team-member-item\">\n\n                    <div class=\"team-member-item-media\">\n                        <img decoding=\"async\" src=\"https:\/\/www.innoveragroup.com.tr\/wp-content\/uploads\/2024\/02\/banner2-572x484.jpg\" alt=\"\" \/>\n                                            <\/div>\n\n                    <div class=\"team-member-item-content\"><div class=\"team-member-item-position\">Yi\u011fit Karap\u0131nar \/ Sales Manager<\/div><div class=\"team-member-item-phone\">+90 342 606 0961<\/div><\/div>                <\/div>\n            <\/div>\n\n        \t\t<\/div>\n\t\t\t\t<\/div>\n\t\t\t\t\t<\/div>\n\t\t<\/div>\n\t\t\t\t\t<\/div>\n\t\t<\/section>\n\t\t\t\t<section class=\"elementor-section elementor-top-section elementor-element elementor-element-7e4099c elementor-section-boxed elementor-section-height-default elementor-section-height-default\" data-id=\"7e4099c\" data-element_type=\"section\">\n\t\t\t\t\t\t<div class=\"elementor-container elementor-column-gap-default\">\n\t\t\t\t\t<div class=\"elementor-column elementor-col-33 elementor-top-column elementor-element elementor-element-4e40e6d\" data-id=\"4e40e6d\" data-element_type=\"column\" data-settings=\"{&quot;background_background&quot;:&quot;classic&quot;}\">\n\t\t\t<div class=\"elementor-widget-wrap elementor-element-populated\">\n\t\t\t\t\t\t<div class=\"elementor-element elementor-element-f44b891 elementor-widget elementor-widget-text-editor\" data-id=\"f44b891\" data-element_type=\"widget\" data-widget_type=\"text-editor.default\">\n\t\t\t\t<div class=\"elementor-widget-container\">\n\t\t\t\t\t\t\t<h3>Adres<\/h3>\n<p>Ba\u015fp\u0131nar(Organize) OSB Mah. O.S.B. 2.B\u00f6lge Celal Do\u011fan Blv. No:31 \u015eehitkamil, Gaziantep \/ Turkei<\/p>\n<div class=\"line contact-secondary\"><span class=\"line_name\">Telefon: +90 342 606 0961<\/span><\/div>\n<div>\u00a0<\/div>\n<div><span class=\"line_name\">E-mail: info@innoveragroup.com.tr<\/span><\/div>\n\t\t\t\t\t\t<\/div>\n\t\t\t\t<\/div>\n\t\t\t\t\t<\/div>\n\t\t<\/div>\n\t\t\t\t<div class=\"elementor-column elementor-col-66 elementor-top-column elementor-element elementor-element-85c84e2\" data-id=\"85c84e2\" data-element_type=\"column\">\n\t\t\t<div class=\"elementor-widget-wrap elementor-element-populated\">\n\t\t\t\t\t\t<div class=\"elementor-element elementor-element-ce92432 elementor-widget elementor-widget-google_maps\" data-id=\"ce92432\" data-element_type=\"widget\" data-widget_type=\"google_maps.default\">\n\t\t\t\t<div class=\"elementor-widget-container\">\n\t\t\t\t\t<div class=\"elementor-custom-embed\">\n\t\t\t<iframe loading=\"lazy\"\n\t\t\t\t\tsrc=\"https:\/\/maps.google.com\/maps?q=Innovera%20Group%20Gaziantep&#038;t=m&#038;z=10&#038;output=embed&#038;iwloc=near\"\n\t\t\t\t\ttitle=\"Innovera Group Gaziantep\"\n\t\t\t\t\taria-label=\"Innovera Group Gaziantep\"\n\t\t\t><\/iframe>\n\t\t<\/div>\n\t\t\t\t<\/div>\n\t\t\t\t<\/div>\n\t\t\t\t\t<\/div>\n\t\t<\/div>\n\t\t\t\t\t<\/div>\n\t\t<\/section>\n\t\t\t\t<\/div>\n\t\t","protected":false},"excerpt":{"rendered":"<p>Bize Ula\u015f\u0131n?Bu formu bitirebilmek i\u00e7in taray\u0131c\u0131n\u0131zda JavaScript&#039;i etkinle\u015ftirin.Bu formu bitirebilmek i\u00e7in taray\u0131c\u0131n\u0131zda JavaScript&#039;i etkinle\u015ftirin.AD SOYADE-MAIL *TELEFONKONUMESAJINIZ * L\u00fctfen Onaylay\u0131n\u0131z * Okudum, Onayl\u0131yorum. Yukar\u0131daki verilerin sorgunuzu yan\u0131tlamak i\u00e7in saklanaca\u011f\u0131n\u0131 ve kullan\u0131laca\u011f\u0131n\u0131 kabul edersiniz. Bu izni istedi\u011finiz zaman iptal edebilirsiniz. Daha fazla bilgiyi&#8230;<\/p>\n","protected":false},"author":2,"featured_media":0,"parent":0,"menu_order":0,"comment_status":"closed","ping_status":"closed","template":"elementor_header_footer","meta":{"inline_featured_image":false,"footnotes":""},"class_list":["post-7461","page","type-page","status-publish","hentry"],"jetpack_sharing_enabled":true,"_links":{"self":[{"href":"https:\/\/www.innoveragroup.com.tr\/de\/wp-json\/wp\/v2\/pages\/7461","targetHints":{"allow":["GET"]}}],"collection":[{"href":"https:\/\/www.innoveragroup.com.tr\/de\/wp-json\/wp\/v2\/pages"}],"about":[{"href":"https:\/\/www.innoveragroup.com.tr\/de\/wp-json\/wp\/v2\/types\/page"}],"author":[{"embeddable":true,"href":"https:\/\/www.innoveragroup.com.tr\/de\/wp-json\/wp\/v2\/users\/2"}],"replies":[{"embeddable":true,"href":"https:\/\/www.innoveragroup.com.tr\/de\/wp-json\/wp\/v2\/comments?post=7461"}],"version-history":[{"count":0,"href":"https:\/\/www.innoveragroup.com.tr\/de\/wp-json\/wp\/v2\/pages\/7461\/revisions"}],"wp:attachment":[{"href":"https:\/\/www.innoveragroup.com.tr\/de\/wp-json\/wp\/v2\/media?parent=7461"}],"curies":[{"name":"wp","href":"https:\/\/api.w.org\/{rel}","templated":true}]}}