{"id":8682,"date":"2025-02-20T20:58:50","date_gmt":"2025-02-20T20:58:50","guid":{"rendered":"https:\/\/www.innoveragroup.com.tr\/yeni-nesil-alueminyum-giris-kapi-sistemleri\/"},"modified":"2025-02-23T19:23:55","modified_gmt":"2025-02-23T19:23:55","slug":"aluminium-eingangstursysteme","status":"publish","type":"page","link":"https:\/\/www.innoveragroup.com.tr\/de\/aluminium-eingangstursysteme\/","title":{"rendered":"Aluminium-Eingangst\u00fcrsysteme"},"content":{"rendered":"\t\t<div data-elementor-type=\"wp-page\" data-elementor-id=\"8682\" class=\"elementor elementor-8682 elementor-8223\" data-elementor-post-type=\"page\">\n\t\t\t\t\t\t<section class=\"elementor-section elementor-top-section elementor-element elementor-element-c561931 elementor-section-boxed elementor-section-height-default elementor-section-height-default\" data-id=\"c561931\" data-element_type=\"section\">\n\t\t\t\t\t\t<div class=\"elementor-container elementor-column-gap-default\">\n\t\t\t\t\t<div class=\"elementor-column elementor-col-50 elementor-top-column elementor-element elementor-element-7a45490\" data-id=\"7a45490\" data-element_type=\"column\">\n\t\t\t<div class=\"elementor-widget-wrap elementor-element-populated\">\n\t\t\t\t\t\t<div class=\"elementor-element elementor-element-08566d6 elementor-invisible elementor-widget elementor-widget-image\" data-id=\"08566d6\" data-element_type=\"widget\" data-settings=\"{&quot;_animation&quot;:&quot;fadeInRight&quot;}\" data-widget_type=\"image.default\">\n\t\t\t\t<div class=\"elementor-widget-container\">\n\t\t\t\t\t\t\t\t\t\t\t\t\t\t<a href=\"https:\/\/www.innoveragroup.com.tr\/wp-content\/uploads\/2025\/02\/alm-yeni-nesil-kapi.jpg\" data-elementor-open-lightbox=\"yes\" data-elementor-lightbox-title=\"alm-yeni-nesil-kap\u0131\" data-e-action-hash=\"#elementor-action%3Aaction%3Dlightbox%26settings%3DeyJpZCI6ODUyMywidXJsIjoiaHR0cHM6XC9cL3d3dy5pbm5vdmVyYWdyb3VwLmNvbS50clwvd3AtY29udGVudFwvdXBsb2Fkc1wvMjAyNVwvMDJcL2FsbS15ZW5pLW5lc2lsLWthcGkuanBnIn0%3D\">\n\t\t\t\t\t\t\t<img decoding=\"async\" src=\"https:\/\/www.innoveragroup.com.tr\/wp-content\/uploads\/elementor\/thumbs\/alm-yeni-nesil-kapi-r1xiky8xwwyk4d9nsze968nyona2hayhk4szncl8zo.jpg\" title=\"alm-yeni-nesil-kap\u0131\" alt=\"alm-yeni-nesil-kap\u0131\" loading=\"lazy\" \/>\t\t\t\t\t\t\t\t<\/a>\n\t\t\t\t\t\t\t\t\t\t\t\t\t<\/div>\n\t\t\t\t<\/div>\n\t\t\t\t\t<\/div>\n\t\t<\/div>\n\t\t\t\t<div class=\"elementor-column elementor-col-50 elementor-top-column elementor-element elementor-element-091335e\" data-id=\"091335e\" data-element_type=\"column\">\n\t\t\t<div class=\"elementor-widget-wrap elementor-element-populated\">\n\t\t\t\t\t\t<div class=\"elementor-element elementor-element-71d6549 elementor-widget elementor-widget-html\" data-id=\"71d6549\" data-element_type=\"widget\" data-widget_type=\"html.default\">\n\t\t\t\t<div class=\"elementor-widget-container\">\n\t\t\t<style>\n    .body-container .page-title-container .page-title-bg, .edit-post-visual-editor__post-title-wrapper:before { background-image: url(\"https:\/\/www.innoveragroup.com.tr\/wp-content\/uploads\/2025\/02\/aluminyumkapilar_page.jpg\") !important; }\n<\/style>\t\t<\/div>\n\t\t\t\t<\/div>\n\t\t\t\t<div class=\"elementor-element elementor-element-4fa13be elementor-widget elementor-widget-energium_heading\" data-id=\"4fa13be\" data-element_type=\"widget\" data-widget_type=\"energium_heading.default\">\n\t\t\t\t<div class=\"elementor-widget-container\">\n\t\t\t<div class=\"energium-heading-widget\"><h2 class=\"energium-heading\"><span class=\"energium-heading-content\">Aluminium-Eingangst\u00fcrsysteme<\/span><\/h2><\/div>\t\t<\/div>\n\t\t\t\t<\/div>\n\t\t\t\t<div class=\"elementor-element elementor-element-ec54075 elementor-widget elementor-widget-text-editor\" data-id=\"ec54075\" data-element_type=\"widget\" data-widget_type=\"text-editor.default\">\n\t\t\t\t<div class=\"elementor-widget-container\">\n\t\t\t\t\t\t\t<p><b>Aluminium-Paneelt\u00fcren<\/b><span style=\"font-weight: 400;\"> zeichnen sich durch ihre robuste Struktur und ihr elegantes Design aus und sind sowohl f\u00fcr den Innen- als auch f\u00fcr den Au\u00dfenbereich geeignet.<\/span><\/p><ul><li style=\"font-weight: 400;\" aria-level=\"1\"><b>Thermische Isolierung:<\/b><span style=\"font-weight: 400;\"> Hochleistungsf\u00e4hige Aluminium-Panelsysteme mit thermischer Trennung.<\/span><\/li><li style=\"font-weight: 400;\" aria-level=\"1\"><b>Sicherheit:<\/b><span style=\"font-weight: 400;\"> Mehrpunkt-Verriegelungssysteme f\u00fcr erh\u00f6hten Schutz.<\/span><\/li><li style=\"font-weight: 400;\" aria-level=\"1\"><b>Modernes Design:<\/b><span style=\"font-weight: 400;\"> Verschiedene Muster-, Farb- und Glasoptionen f\u00fcr jeden Stil.<\/span><\/li><li style=\"font-weight: 400;\" aria-level=\"1\"><b>Geringer Wartungsaufwand:<\/b><span style=\"font-weight: 400;\"> Anti-Fingerprint-Beschichtung f\u00fcr einfache Reinigung und langfristige Nutzung.<\/span><\/li><\/ul>\t\t\t\t\t\t<\/div>\n\t\t\t\t<\/div>\n\t\t\t\t\t<\/div>\n\t\t<\/div>\n\t\t\t\t\t<\/div>\n\t\t<\/section>\n\t\t\t\t<section class=\"elementor-section elementor-top-section elementor-element elementor-element-1fa64fc elementor-section-content-top elementor-reverse-mobile_extra elementor-reverse-mobile elementor-section-boxed elementor-section-height-default elementor-section-height-default\" data-id=\"1fa64fc\" data-element_type=\"section\">\n\t\t\t\t\t\t<div class=\"elementor-container elementor-column-gap-default\">\n\t\t\t\t\t<div class=\"elementor-column elementor-col-100 elementor-top-column elementor-element elementor-element-1bb1a75\" data-id=\"1bb1a75\" data-element_type=\"column\">\n\t\t\t<div class=\"elementor-widget-wrap elementor-element-populated\">\n\t\t\t\t\t\t<div class=\"elementor-element elementor-element-2007607 elementor-widget elementor-widget-text-editor\" data-id=\"2007607\" data-element_type=\"widget\" data-widget_type=\"text-editor.default\">\n\t\t\t\t<div class=\"elementor-widget-container\">\n\t\t\t\t\t\t\t<p><b>Einsatzbereiche:<\/b><\/p><ul><li style=\"font-weight: 400;\" aria-level=\"1\"><span style=\"font-weight: 400;\">Villen und Residenzen<\/span><\/li><li style=\"font-weight: 400;\" aria-level=\"1\"><span style=\"font-weight: 400;\">Gewerbeimmobilien<\/span><\/li><li style=\"font-weight: 400;\" aria-level=\"1\"><span style=\"font-weight: 400;\">B\u00fcroeing\u00e4nge<\/span><\/li><\/ul><p><b>INNOVERA bietet L\u00f6sungen, die \u00c4sthetik, Sicherheit und Komfort kombinieren und Ihren Projekten einen Mehrwert verleihen.<\/b><\/p><p><b>\u201eInnovative L\u00f6sungen, zuverl\u00e4ssige Qualit\u00e4t!\u201c<\/b><\/p>\t\t\t\t\t\t<\/div>\n\t\t\t\t<\/div>\n\t\t\t\t\t<\/div>\n\t\t<\/div>\n\t\t\t\t\t<\/div>\n\t\t<\/section>\n\t\t\t\t<section class=\"elementor-section elementor-top-section elementor-element elementor-element-72ceea94 elementor-section-stretched elementor-section-boxed elementor-section-height-default elementor-section-height-default\" data-id=\"72ceea94\" data-element_type=\"section\" data-settings=\"{&quot;stretch_section&quot;:&quot;section-stretched&quot;}\">\n\t\t\t\t\t\t<div class=\"elementor-container elementor-column-gap-no\">\n\t\t\t\t\t<div class=\"elementor-column elementor-col-100 elementor-top-column elementor-element elementor-element-4e50cb23\" data-id=\"4e50cb23\" data-element_type=\"column\">\n\t\t\t<div class=\"elementor-widget-wrap elementor-element-populated\">\n\t\t\t\t\t\t<section class=\"elementor-section elementor-inner-section elementor-element elementor-element-33ed7e62 elementor-section-height-min-height elementor-section-content-middle elementor-section-boxed elementor-section-height-default\" data-id=\"33ed7e62\" data-element_type=\"section\" data-settings=\"{&quot;background_background&quot;:&quot;classic&quot;}\">\n\t\t\t\t\t\t<div class=\"elementor-container elementor-column-gap-extended\">\n\t\t\t\t\t<div class=\"elementor-column elementor-col-50 elementor-inner-column elementor-element elementor-element-632c1245\" data-id=\"632c1245\" data-element_type=\"column\">\n\t\t\t<div class=\"elementor-widget-wrap elementor-element-populated\">\n\t\t\t\t\t\t<div class=\"elementor-element elementor-element-613b3324 elementor-widget elementor-widget-energium_heading\" data-id=\"613b3324\" data-element_type=\"widget\" data-widget_type=\"energium_heading.default\">\n\t\t\t\t<div class=\"elementor-widget-container\">\n\t\t\t<div class=\"energium-heading-widget\"><h2 class=\"energium-heading\"><span class=\"energium-heading-content\">Wie k\u00f6nnen wir Ihnen helfen?<\/span><\/h2><\/div>\t\t<\/div>\n\t\t\t\t<\/div>\n\t\t\t\t<div class=\"elementor-element elementor-element-3a4d7372 elementor-widget elementor-widget-text-editor\" data-id=\"3a4d7372\" data-element_type=\"widget\" data-widget_type=\"text-editor.default\">\n\t\t\t\t<div class=\"elementor-widget-container\">\n\t\t\t\t\t\t\t<p>Wir sind bereit, Ihnen mit unserem professionellen Team zu helfen.<\/p>\t\t\t\t\t\t<\/div>\n\t\t\t\t<\/div>\n\t\t\t\t\t<\/div>\n\t\t<\/div>\n\t\t\t\t<div class=\"elementor-column elementor-col-50 elementor-inner-column elementor-element elementor-element-351e25c0\" data-id=\"351e25c0\" data-element_type=\"column\">\n\t\t\t<div class=\"elementor-widget-wrap elementor-element-populated\">\n\t\t\t\t\t\t<div class=\"elementor-element elementor-element-53c7c597 elementor-view-stacked pulse-animation-yes elementor-shape-circle elementor-widget elementor-widget-icon\" data-id=\"53c7c597\" data-element_type=\"widget\" data-widget_type=\"icon.default\">\n\t\t\t\t<div class=\"elementor-widget-container\">\n\t\t\t\t\t<div class=\"elementor-icon-wrapper\">\n\t\t\t<div class=\"elementor-icon\">\n\t\t\t<i aria-hidden=\"true\" class=\"fontello icon-calling\"><\/i>\t\t\t<\/div>\n\t\t<\/div>\n\t\t\t\t<\/div>\n\t\t\t\t<\/div>\n\t\t\t\t<div class=\"elementor-element elementor-element-37d685dc elementor-widget elementor-widget-text-editor\" data-id=\"37d685dc\" data-element_type=\"widget\" data-widget_type=\"text-editor.default\">\n\t\t\t\t<div class=\"elementor-widget-container\">\n\t\t\t\t\t\t\t<p>Support-Hotline<\/p>\t\t\t\t\t\t<\/div>\n\t\t\t\t<\/div>\n\t\t\t\t<div class=\"elementor-element elementor-element-77190e76 elementor-widget elementor-widget-energium_heading\" data-id=\"77190e76\" data-element_type=\"widget\" data-widget_type=\"energium_heading.default\">\n\t\t\t\t<div class=\"elementor-widget-container\">\n\t\t\t<div class=\"energium-heading-widget\"><h2 class=\"energium-heading\"><span class=\"energium-heading-content\">+90 342 606 0961<\/span><\/h2><\/div>\t\t<\/div>\n\t\t\t\t<\/div>\n\t\t\t\t\t<\/div>\n\t\t<\/div>\n\t\t\t\t\t<\/div>\n\t\t<\/section>\n\t\t\t\t\t<\/div>\n\t\t<\/div>\n\t\t\t\t\t<\/div>\n\t\t<\/section>\n\t\t\t\t<\/div>\n\t\t","protected":false},"excerpt":{"rendered":"<p>Aluminium-Paneelt\u00fcren zeichnen sich durch ihre robuste Struktur und ihr elegantes Design aus und sind sowohl f\u00fcr den Innen- als auch f\u00fcr den Au\u00dfenbereich geeignet. Thermische Isolierung: Hochleistungsf\u00e4hige Aluminium-Panelsysteme mit thermischer Trennung. Sicherheit: Mehrpunkt-Verriegelungssysteme f\u00fcr erh\u00f6hten Schutz. Modernes Design: Verschiedene Muster-, Farb-&#8230;<\/p>\n","protected":false},"author":2,"featured_media":0,"parent":0,"menu_order":0,"comment_status":"closed","ping_status":"closed","template":"","meta":{"inline_featured_image":false,"footnotes":""},"class_list":["post-8682","page","type-page","status-publish","hentry"],"jetpack_sharing_enabled":true,"_links":{"self":[{"href":"https:\/\/www.innoveragroup.com.tr\/de\/wp-json\/wp\/v2\/pages\/8682","targetHints":{"allow":["GET"]}}],"collection":[{"href":"https:\/\/www.innoveragroup.com.tr\/de\/wp-json\/wp\/v2\/pages"}],"about":[{"href":"https:\/\/www.innoveragroup.com.tr\/de\/wp-json\/wp\/v2\/types\/page"}],"author":[{"embeddable":true,"href":"https:\/\/www.innoveragroup.com.tr\/de\/wp-json\/wp\/v2\/users\/2"}],"replies":[{"embeddable":true,"href":"https:\/\/www.innoveragroup.com.tr\/de\/wp-json\/wp\/v2\/comments?post=8682"}],"version-history":[{"count":0,"href":"https:\/\/www.innoveragroup.com.tr\/de\/wp-json\/wp\/v2\/pages\/8682\/revisions"}],"wp:attachment":[{"href":"https:\/\/www.innoveragroup.com.tr\/de\/wp-json\/wp\/v2\/media?parent=8682"}],"curies":[{"name":"wp","href":"https:\/\/api.w.org\/{rel}","templated":true}]}}