{"id":8699,"date":"2025-02-20T21:12:28","date_gmt":"2025-02-20T21:12:28","guid":{"rendered":"https:\/\/www.innoveragroup.com.tr\/bioklimatik-pergola-sistemleri\/"},"modified":"2025-03-02T11:56:55","modified_gmt":"2025-03-02T11:56:55","slug":"bioklimatische-pergola-systeme","status":"publish","type":"page","link":"https:\/\/www.innoveragroup.com.tr\/de\/bioklimatische-pergola-systeme\/","title":{"rendered":"Bioklimatische Pergola-Systeme"},"content":{"rendered":"\t\t<div data-elementor-type=\"wp-page\" data-elementor-id=\"8699\" class=\"elementor elementor-8699 elementor-8241\" data-elementor-post-type=\"page\">\n\t\t\t\t\t\t<section class=\"elementor-section elementor-top-section elementor-element elementor-element-c561931 elementor-section-boxed elementor-section-height-default elementor-section-height-default\" data-id=\"c561931\" data-element_type=\"section\">\n\t\t\t\t\t\t<div class=\"elementor-container elementor-column-gap-default\">\n\t\t\t\t\t<div class=\"elementor-column elementor-col-50 elementor-top-column elementor-element elementor-element-7a45490\" data-id=\"7a45490\" data-element_type=\"column\">\n\t\t\t<div class=\"elementor-widget-wrap elementor-element-populated\">\n\t\t\t\t\t\t<div class=\"elementor-element elementor-element-08566d6 elementor-invisible elementor-widget elementor-widget-image\" data-id=\"08566d6\" data-element_type=\"widget\" data-settings=\"{&quot;_animation&quot;:&quot;fadeInRight&quot;}\" data-widget_type=\"image.default\">\n\t\t\t\t<div class=\"elementor-widget-container\">\n\t\t\t\t\t\t\t\t\t\t\t\t\t\t<a href=\"https:\/\/www.innoveragroup.com.tr\/wp-content\/uploads\/2025\/02\/bioklimatic-system.jpg\" data-elementor-open-lightbox=\"yes\" data-elementor-lightbox-title=\"bioklimatic-system\" data-e-action-hash=\"#elementor-action%3Aaction%3Dlightbox%26settings%3DeyJpZCI6ODUwOSwidXJsIjoiaHR0cHM6XC9cL3d3dy5pbm5vdmVyYWdyb3VwLmNvbS50clwvd3AtY29udGVudFwvdXBsb2Fkc1wvMjAyNVwvMDJcL2Jpb2tsaW1hdGljLXN5c3RlbS5qcGcifQ%3D%3D\">\n\t\t\t\t\t\t\t<img decoding=\"async\" src=\"https:\/\/www.innoveragroup.com.tr\/wp-content\/uploads\/elementor\/thumbs\/bioklimatic-system-r1xicgre7rcrmpqee2f84uu5w40pvsnjvkmo3hqohs.jpg\" title=\"bioklimatic-system\" alt=\"bioklimatic-system\" loading=\"lazy\" \/>\t\t\t\t\t\t\t\t<\/a>\n\t\t\t\t\t\t\t\t\t\t\t\t\t<\/div>\n\t\t\t\t<\/div>\n\t\t\t\t\t<\/div>\n\t\t<\/div>\n\t\t\t\t<div class=\"elementor-column elementor-col-50 elementor-top-column elementor-element elementor-element-091335e\" data-id=\"091335e\" data-element_type=\"column\">\n\t\t\t<div class=\"elementor-widget-wrap elementor-element-populated\">\n\t\t\t\t\t\t<div class=\"elementor-element elementor-element-71d6549 elementor-widget elementor-widget-html\" data-id=\"71d6549\" data-element_type=\"widget\" data-widget_type=\"html.default\">\n\t\t\t\t<div class=\"elementor-widget-container\">\n\t\t\t<style>\n    .body-container .page-title-container .page-title-bg, .edit-post-visual-editor__post-title-wrapper:before { background-image: url(\"https:\/\/www.innoveragroup.com.tr\/wp-content\/uploads\/2025\/02\/bioclimaticpage.jpg\") !important; }\n<\/style>\t\t<\/div>\n\t\t\t\t<\/div>\n\t\t\t\t<div class=\"elementor-element elementor-element-4fa13be elementor-widget elementor-widget-energium_heading\" data-id=\"4fa13be\" data-element_type=\"widget\" data-widget_type=\"energium_heading.default\">\n\t\t\t\t<div class=\"elementor-widget-container\">\n\t\t\t<div class=\"energium-heading-widget\"><h2 class=\"energium-heading\"><span class=\"energium-heading-content\">Bioklimatische Pergola-Systeme<\/span><\/h2><\/div>\t\t<\/div>\n\t\t\t\t<\/div>\n\t\t\t\t<div class=\"elementor-element elementor-element-ec54075 elementor-widget elementor-widget-text-editor\" data-id=\"ec54075\" data-element_type=\"widget\" data-widget_type=\"text-editor.default\">\n\t\t\t\t<div class=\"elementor-widget-container\">\n\t\t\t\t\t\t\t<p><span style=\"font-weight: 400;\">Moderne <\/span><b>bioklimatische Pergola-Systeme<\/b><span style=\"font-weight: 400;\"> definieren den Komfort im Au\u00dfenbereich neu und \u00fcberzeugen durch innovatives Design und herausragende technische Eigenschaften. <\/span><b>Albert Genau<\/b><span style=\"font-weight: 400;\"> ist mit \u00fcber 500 Partnern in 86 L\u00e4ndern weltweit f\u00fchrend in dieser Technologie.<\/span><\/p><ul><li style=\"font-weight: 400;\" aria-level=\"1\"><b>Monoblock-Entw\u00e4sserungssystem:<\/b><span style=\"font-weight: 400;\"> Doppelschichtige Struktur f\u00fcr effiziente Wasserableitung.<\/span><\/li><li style=\"font-weight: 400;\" aria-level=\"1\"><b>Synchronisierte Bewegung:<\/b><span style=\"font-weight: 400;\"> Einmotorige, synchronisierte Lamellensteuerung.<\/span><\/li><li style=\"font-weight: 400;\" aria-level=\"1\"><b>Beidseitige Ambiente-Beleuchtung:<\/b><span style=\"font-weight: 400;\"> Einstellbare LED-Lichtoptionen f\u00fcr eine individuelle Atmosph\u00e4re.<\/span><\/li><li style=\"font-weight: 400;\" aria-level=\"1\"><b>Adaptives Bewegungssystem:<\/b><span style=\"font-weight: 400;\"> Automatische Anpassung an die Nutzungsbedingungen.<\/span><\/li><li style=\"font-weight: 400;\" aria-level=\"1\"><b>Korrosionsbest\u00e4ndige Komponenten:<\/b><span style=\"font-weight: 400;\"> Edelstahlkomponenten f\u00fcr h\u00f6chste Wetterbest\u00e4ndigkeit.<\/span><\/li><\/ul><p><b>Einsatzbereiche:<\/b><\/p><ul><li style=\"font-weight: 400;\" aria-level=\"1\"><span style=\"font-weight: 400;\">Restaurants und Caf\u00e9s<\/span><\/li><li style=\"font-weight: 400;\" aria-level=\"1\"><span style=\"font-weight: 400;\">Poolbereiche<\/span><\/li><li style=\"font-weight: 400;\" aria-level=\"1\"><span style=\"font-weight: 400;\">Terrassen<\/span><\/li><li style=\"font-weight: 400;\" aria-level=\"1\"><span style=\"font-weight: 400;\">Garten-Lounge-Bereiche<\/span><\/li><\/ul><p><b>Gestalten Sie Ihr Outdoor-Erlebnis neu mit den hochwertigen bioklimatischen Pergola-Systemen von INNOVERA!<\/b><\/p>\t\t\t\t\t\t<\/div>\n\t\t\t\t<\/div>\n\t\t\t\t\t<\/div>\n\t\t<\/div>\n\t\t\t\t\t<\/div>\n\t\t<\/section>\n\t\t<div class=\"elementor-element elementor-element-8004e2f e-flex e-con-boxed e-con e-parent\" data-id=\"8004e2f\" data-element_type=\"container\">\n\t\t\t\t\t<div class=\"e-con-inner\">\n\t\t\t\t<div class=\"elementor-element elementor-element-682812a5 elementor-position-left elementor-position-top elementor-position-top elementor-vertical-align-middle elementor-widget elementor-widget-image-box\" data-id=\"682812a5\" data-element_type=\"widget\" data-widget_type=\"image-box.default\">\n\t\t\t\t<div class=\"elementor-widget-container\">\n\t\t\t<div class=\"elementor-image-box-wrapper\"><figure class=\"elementor-image-box-img\"><img fetchpriority=\"high\" decoding=\"async\" width=\"450\" height=\"120\" src=\"https:\/\/www.innoveragroup.com.tr\/wp-content\/uploads\/2025\/03\/logo-en.png\" class=\"attachment-full size-full wp-image-9050\" alt=\"\" srcset=\"https:\/\/www.innoveragroup.com.tr\/wp-content\/uploads\/2025\/03\/logo-en.png 450w, https:\/\/www.innoveragroup.com.tr\/wp-content\/uploads\/2025\/03\/logo-en-300x80.png 300w\" sizes=\"(max-width: 450px) 100vw, 450px\" \/><\/figure><div class=\"elementor-image-box-content\"><p class=\"elementor-image-box-description\">Albert Genau ist eine Marke, die innovatives Design und erstklassige Ingenieurskunst in Glasystemen vereint und die Qualit\u00e4t auf das h\u00f6chste Niveau hebt. Mit langlebigen Materialien, \u00e4sthetischem Erscheinungsbild und einer robusten Struktur verleiht sie Ihren Wohnr\u00e4umen Komfort, Sicherheit und Eleganz. Albert Genau zeichnet sich durch Produkte aus, die sich harmonisch in moderne Architektur einf\u00fcgen, Energieeffizienz bieten und Funktionalit\u00e4t in den Vordergrund stellen. Wenn Sie nach langlebigen, stilvollen und zuverl\u00e4ssigen Glasystemen suchen, entdecken Sie die herausragenden L\u00f6sungen von Albert Genau!<\/p><\/div><\/div>\t\t<\/div>\n\t\t\t\t<\/div>\n\t\t\t\t\t<\/div>\n\t\t\t\t<\/div>\n\t\t\t\t<section class=\"elementor-section elementor-top-section elementor-element elementor-element-6d78d903 elementor-section-stretched elementor-section-boxed elementor-section-height-default elementor-section-height-default\" data-id=\"6d78d903\" data-element_type=\"section\" data-settings=\"{&quot;stretch_section&quot;:&quot;section-stretched&quot;}\">\n\t\t\t\t\t\t<div class=\"elementor-container elementor-column-gap-no\">\n\t\t\t\t\t<div class=\"elementor-column elementor-col-100 elementor-top-column elementor-element elementor-element-6377f1f0\" data-id=\"6377f1f0\" data-element_type=\"column\">\n\t\t\t<div class=\"elementor-widget-wrap elementor-element-populated\">\n\t\t\t\t\t\t<section class=\"elementor-section elementor-inner-section elementor-element elementor-element-6196bcba elementor-section-height-min-height elementor-section-content-middle elementor-section-boxed elementor-section-height-default\" data-id=\"6196bcba\" data-element_type=\"section\" data-settings=\"{&quot;background_background&quot;:&quot;classic&quot;}\">\n\t\t\t\t\t\t<div class=\"elementor-container elementor-column-gap-extended\">\n\t\t\t\t\t<div class=\"elementor-column elementor-col-50 elementor-inner-column elementor-element elementor-element-6d5a63ac\" data-id=\"6d5a63ac\" data-element_type=\"column\">\n\t\t\t<div class=\"elementor-widget-wrap elementor-element-populated\">\n\t\t\t\t\t\t<div class=\"elementor-element elementor-element-e7ee75e elementor-widget elementor-widget-energium_heading\" data-id=\"e7ee75e\" data-element_type=\"widget\" data-widget_type=\"energium_heading.default\">\n\t\t\t\t<div class=\"elementor-widget-container\">\n\t\t\t<div class=\"energium-heading-widget\"><h2 class=\"energium-heading\"><span class=\"energium-heading-content\">Wie k\u00f6nnen wir Ihnen helfen?<\/span><\/h2><\/div>\t\t<\/div>\n\t\t\t\t<\/div>\n\t\t\t\t<div class=\"elementor-element elementor-element-24c5605 elementor-widget elementor-widget-text-editor\" data-id=\"24c5605\" data-element_type=\"widget\" data-widget_type=\"text-editor.default\">\n\t\t\t\t<div class=\"elementor-widget-container\">\n\t\t\t\t\t\t\t<p>Wir sind bereit, Ihnen mit unserem professionellen Team zu helfen.<\/p>\t\t\t\t\t\t<\/div>\n\t\t\t\t<\/div>\n\t\t\t\t\t<\/div>\n\t\t<\/div>\n\t\t\t\t<div class=\"elementor-column elementor-col-50 elementor-inner-column elementor-element elementor-element-766faa64\" data-id=\"766faa64\" data-element_type=\"column\">\n\t\t\t<div class=\"elementor-widget-wrap elementor-element-populated\">\n\t\t\t\t\t\t<div class=\"elementor-element elementor-element-39a7a881 elementor-view-stacked pulse-animation-yes elementor-shape-circle elementor-widget elementor-widget-icon\" data-id=\"39a7a881\" data-element_type=\"widget\" data-widget_type=\"icon.default\">\n\t\t\t\t<div class=\"elementor-widget-container\">\n\t\t\t\t\t<div class=\"elementor-icon-wrapper\">\n\t\t\t<div class=\"elementor-icon\">\n\t\t\t<i aria-hidden=\"true\" class=\"fontello icon-calling\"><\/i>\t\t\t<\/div>\n\t\t<\/div>\n\t\t\t\t<\/div>\n\t\t\t\t<\/div>\n\t\t\t\t<div class=\"elementor-element elementor-element-3dd98b78 elementor-widget elementor-widget-text-editor\" data-id=\"3dd98b78\" data-element_type=\"widget\" data-widget_type=\"text-editor.default\">\n\t\t\t\t<div class=\"elementor-widget-container\">\n\t\t\t\t\t\t\t<p>Support-Hotline<\/p>\t\t\t\t\t\t<\/div>\n\t\t\t\t<\/div>\n\t\t\t\t<div class=\"elementor-element elementor-element-3cfcbc5a elementor-widget elementor-widget-energium_heading\" data-id=\"3cfcbc5a\" data-element_type=\"widget\" data-widget_type=\"energium_heading.default\">\n\t\t\t\t<div class=\"elementor-widget-container\">\n\t\t\t<div class=\"energium-heading-widget\"><h2 class=\"energium-heading\"><span class=\"energium-heading-content\">+90 342 606 0961<\/span><\/h2><\/div>\t\t<\/div>\n\t\t\t\t<\/div>\n\t\t\t\t\t<\/div>\n\t\t<\/div>\n\t\t\t\t\t<\/div>\n\t\t<\/section>\n\t\t\t\t\t<\/div>\n\t\t<\/div>\n\t\t\t\t\t<\/div>\n\t\t<\/section>\n\t\t\t\t<\/div>\n\t\t","protected":false},"excerpt":{"rendered":"<p>Moderne bioklimatische Pergola-Systeme definieren den Komfort im Au\u00dfenbereich neu und \u00fcberzeugen durch innovatives Design und herausragende technische Eigenschaften. Albert Genau ist mit \u00fcber 500 Partnern in 86 L\u00e4ndern weltweit f\u00fchrend in dieser Technologie. Monoblock-Entw\u00e4sserungssystem: Doppelschichtige Struktur f\u00fcr effiziente Wasserableitung. Synchronisierte Bewegung:&#8230;<\/p>\n","protected":false},"author":2,"featured_media":0,"parent":0,"menu_order":0,"comment_status":"closed","ping_status":"closed","template":"","meta":{"inline_featured_image":false,"footnotes":""},"class_list":["post-8699","page","type-page","status-publish","hentry"],"jetpack_sharing_enabled":true,"_links":{"self":[{"href":"https:\/\/www.innoveragroup.com.tr\/de\/wp-json\/wp\/v2\/pages\/8699","targetHints":{"allow":["GET"]}}],"collection":[{"href":"https:\/\/www.innoveragroup.com.tr\/de\/wp-json\/wp\/v2\/pages"}],"about":[{"href":"https:\/\/www.innoveragroup.com.tr\/de\/wp-json\/wp\/v2\/types\/page"}],"author":[{"embeddable":true,"href":"https:\/\/www.innoveragroup.com.tr\/de\/wp-json\/wp\/v2\/users\/2"}],"replies":[{"embeddable":true,"href":"https:\/\/www.innoveragroup.com.tr\/de\/wp-json\/wp\/v2\/comments?post=8699"}],"version-history":[{"count":3,"href":"https:\/\/www.innoveragroup.com.tr\/de\/wp-json\/wp\/v2\/pages\/8699\/revisions"}],"predecessor-version":[{"id":9111,"href":"https:\/\/www.innoveragroup.com.tr\/de\/wp-json\/wp\/v2\/pages\/8699\/revisions\/9111"}],"wp:attachment":[{"href":"https:\/\/www.innoveragroup.com.tr\/de\/wp-json\/wp\/v2\/media?parent=8699"}],"curies":[{"name":"wp","href":"https:\/\/api.w.org\/{rel}","templated":true}]}}