{"id":7628,"date":"2024-02-20T21:06:37","date_gmt":"2024-02-20T21:06:37","guid":{"rendered":"https:\/\/www.innoveragroup.com.tr\/cam-alternatifleri\/"},"modified":"2024-06-29T09:09:57","modified_gmt":"2024-06-29T09:09:57","slug":"glas-alternatieven","status":"publish","type":"page","link":"https:\/\/www.innoveragroup.com.tr\/nl\/glas-alternatieven\/","title":{"rendered":"GLAS ALTERNATIEVEN"},"content":{"rendered":"\t\t<div data-elementor-type=\"wp-page\" data-elementor-id=\"7628\" class=\"elementor elementor-7628 elementor-5817\" data-elementor-post-type=\"page\">\n\t\t\t\t\t\t<section class=\"elementor-section elementor-top-section elementor-element elementor-element-e9f0111 elementor-section-boxed elementor-section-height-default elementor-section-height-default\" data-id=\"e9f0111\" data-element_type=\"section\">\n\t\t\t\t\t\t<div class=\"elementor-container elementor-column-gap-default\">\n\t\t\t\t\t<div class=\"elementor-column elementor-col-100 elementor-top-column elementor-element elementor-element-d268ba7\" data-id=\"d268ba7\" data-element_type=\"column\">\n\t\t\t<div class=\"elementor-widget-wrap elementor-element-populated\">\n\t\t\t\t\t\t<div class=\"elementor-element elementor-element-c83d40b elementor-widget elementor-widget-image-gallery\" data-id=\"c83d40b\" data-element_type=\"widget\" data-widget_type=\"image-gallery.default\">\n\t\t\t\t<div class=\"elementor-widget-container\">\n\t\t\t\t\t<div class=\"elementor-image-gallery\">\n\t\t\t<div id='gallery-1' class='gallery galleryid-7628 gallery-columns-3 gallery-size-energium_single_project_gallery'><figure class='gallery-item'>\n\t\t\t<div class='gallery-icon landscape'>\n\t\t\t\t<a data-elementor-open-lightbox=\"yes\" data-elementor-lightbox-slideshow=\"c83d40b\" data-e-action-hash=\"#elementor-action%3Aaction%3Dlightbox%26settings%3DeyJpZCI6NzYzMSwidXJsIjoiaHR0cHM6XC9cL3d3dy5pbm5vdmVyYWdyb3VwLmNvbS50clwvd3AtY29udGVudFwvdXBsb2Fkc1wvMjAyNFwvMDJcLzMuanBlZyIsInNsaWRlc2hvdyI6ImM4M2Q0MGIifQ%3D%3D\" href='https:\/\/www.innoveragroup.com.tr\/wp-content\/uploads\/2024\/02\/3.jpeg'><img fetchpriority=\"high\" decoding=\"async\" width=\"770\" height=\"387\" src=\"https:\/\/www.innoveragroup.com.tr\/wp-content\/uploads\/2024\/02\/3-770x387.jpeg\" class=\"attachment-energium_single_project_gallery size-energium_single_project_gallery\" alt=\"\" \/><\/a>\n\t\t\t<\/div><\/figure><figure class='gallery-item'>\n\t\t\t<div class='gallery-icon landscape'>\n\t\t\t\t<a data-elementor-open-lightbox=\"yes\" data-elementor-lightbox-slideshow=\"c83d40b\" data-e-action-hash=\"#elementor-action%3Aaction%3Dlightbox%26settings%3DeyJpZCI6NzYzMCwidXJsIjoiaHR0cHM6XC9cL3d3dy5pbm5vdmVyYWdyb3VwLmNvbS50clwvd3AtY29udGVudFwvdXBsb2Fkc1wvMjAyNFwvMDJcLzIud2VicCIsInNsaWRlc2hvdyI6ImM4M2Q0MGIifQ%3D%3D\" href='https:\/\/www.innoveragroup.com.tr\/wp-content\/uploads\/2024\/02\/2.webp'><img decoding=\"async\" width=\"770\" height=\"387\" src=\"https:\/\/www.innoveragroup.com.tr\/wp-content\/uploads\/2024\/02\/2-770x387.webp\" class=\"attachment-energium_single_project_gallery size-energium_single_project_gallery\" alt=\"\" \/><\/a>\n\t\t\t<\/div><\/figure><figure class='gallery-item'>\n\t\t\t<div class='gallery-icon landscape'>\n\t\t\t\t<a data-elementor-open-lightbox=\"yes\" data-elementor-lightbox-slideshow=\"c83d40b\" data-e-action-hash=\"#elementor-action%3Aaction%3Dlightbox%26settings%3DeyJpZCI6NzYyOSwidXJsIjoiaHR0cHM6XC9cL3d3dy5pbm5vdmVyYWdyb3VwLmNvbS50clwvd3AtY29udGVudFwvdXBsb2Fkc1wvMjAyNFwvMDJcLzEud2VicCIsInNsaWRlc2hvdyI6ImM4M2Q0MGIifQ%3D%3D\" href='https:\/\/www.innoveragroup.com.tr\/wp-content\/uploads\/2024\/02\/1.webp'><img decoding=\"async\" width=\"770\" height=\"387\" src=\"https:\/\/www.innoveragroup.com.tr\/wp-content\/uploads\/2024\/02\/1-770x387.webp\" class=\"attachment-energium_single_project_gallery size-energium_single_project_gallery\" alt=\"\" \/><\/a>\n\t\t\t<\/div><\/figure>\n\t\t<\/div>\n\t\t<\/div>\n\t\t\t\t<\/div>\n\t\t\t\t<\/div>\n\t\t\t\t\t<\/div>\n\t\t<\/div>\n\t\t\t\t\t<\/div>\n\t\t<\/section>\n\t\t\t\t<section class=\"elementor-section elementor-top-section elementor-element elementor-element-c561931 elementor-section-boxed elementor-section-height-default elementor-section-height-default\" data-id=\"c561931\" data-element_type=\"section\">\n\t\t\t\t\t\t<div class=\"elementor-container elementor-column-gap-default\">\n\t\t\t\t\t<div class=\"elementor-column elementor-col-100 elementor-top-column elementor-element elementor-element-091335e\" data-id=\"091335e\" data-element_type=\"column\">\n\t\t\t<div class=\"elementor-widget-wrap elementor-element-populated\">\n\t\t\t\t\t\t<div class=\"elementor-element elementor-element-4fa13be elementor-widget elementor-widget-energium_heading\" data-id=\"4fa13be\" data-element_type=\"widget\" data-widget_type=\"energium_heading.default\">\n\t\t\t\t<div class=\"elementor-widget-container\">\n\t\t\t<div class=\"energium-heading-widget\"><h2 class=\"energium-heading\"><span class=\"energium-heading-content\">Alternatieve opties voor glas<\/span><\/h2><\/div>\t\t<\/div>\n\t\t\t\t<\/div>\n\t\t\t\t<div class=\"elementor-element elementor-element-ec54075 elementor-widget elementor-widget-text-editor\" data-id=\"ec54075\" data-element_type=\"widget\" data-widget_type=\"text-editor.default\">\n\t\t\t\t<div class=\"elementor-widget-container\">\n\t\t\t\t\t\t\t<p>Het glas dat gebruikt wordt in PVC deuren en ramen combineert de esthetische en functionele vereisten van moderne architectuur en speelt een cruciale rol bij het cre\u00ebren van duurzame leefruimtes. Deze beglazingen bieden een breed scala aan voordelen, van energie-effici\u00ebntie tot veiligheid, van comfortabele leefruimtes tot milieugevoeligheid. Een goed gekozen glas zorgt ervoor dat interieurs op de ideale temperatuur blijven ongeacht het seizoen, filtert lawaai van buitenaf en blokkeert schadelijke UV-stralen terwijl het zonlicht op de meest effici\u00ebnte manier wordt binnengelaten.<\/p><p><strong>Dubbele en driedubbele beglazing: De sleutel tot thermische en geluidsisolatie<\/strong><\/p><p>Dubbele en driedubbele beglazing bieden uitstekende thermische en akoestische isolatie dankzij de lucht- of gasvulling ertussen. Deze technologie draagt bij tot een verlaging van de energiekosten en verhoogt tegelijkertijd de rust en stilte in woonruimtes. Het is een ideale oplossing, vooral voor wie zich wil onttrekken aan het onvermijdelijke lawaai van het drukke stadsleven.<\/p><p><strong>Glas met lage-E coating: Een revolutie in energie-effici\u00ebntie<\/strong><\/p><p>Glas met een Low-E coating zorgt voor een revolutie in energie-effici\u00ebntie door het warmtereflecterend vermogen van glas te verhogen dankzij een dunne metaallaag. Deze coatings voorkomen warmteverlies door de warmte in de winter binnen te houden en helpen het interieur koel te houden door oververhitting in de zomer te voorkomen. Hoezeer we ook van zonlicht houden, het is ook belangrijk om ons te beschermen tegen oververhitting en de schadelijke UV-stralen die het met zich mee kan brengen.<\/p><p><strong>Gasgevuld glas: Een nieuwe dimensie in thermische isolatie<\/strong><\/p><p>Glazen gevuld met argon- en kryptongassen bieden een veel betere thermische isolatie dan met lucht gevulde glazen. Deze gassen dragen bij aan energie-effici\u00ebntere huizen door de warmteoverdracht tussen de glaslagen te verminderen. Energiebesparing is een kwestie die niet alleen bijdraagt aan individuele budgetten, maar ook aan de toekomst van onze planeet.<\/p><p><strong>Veiligheidsbeglazing: De vesting van huizen<\/strong><\/p><p>Veiligheid is de basisbehoefte van elk huis. Gelaagd en gehard glas bieden dankzij hun versterkte structuren weerstand tegen schokken en helpen huizen te beschermen als een veilig fort. Deze beglazingen cre\u00ebren een extra beveiligingslaag, vooral op gemakkelijk toegankelijke plaatsen zoals ramen op de begane grond en balkondeuren.<\/p><p><strong>Geluidsisolerend glas: Het geluid van rust<\/strong><\/p><p>Dankzij hun dikke glasbladen en speciale tussenlagen verminderen geluidsisolerende ramen aanzienlijk het geluid dat van buiten komt. Deze beglazing is onmisbaar voor wie een rustige leefruimte wil cre\u00ebren, ver weg van het intense stadslawaai.<\/p><p>Het kiezen van het juiste glas in PVC deuren en ramen is niet alleen een ontwerpkeuze, maar ook een beslissing die rechtstreeks van invloed is op de kwaliteit van leven. De keuze moet worden gemaakt op basis van uw persoonlijke voorkeuren en behoeften, rekening houdend met factoren zoals de locatie van elk raam, de ori\u00ebntatie op de zon en de vloer waarop het raam zich bevindt. Door voor elk raam en elke deur van je huis het meest geschikte glas te kiezen, verrijk je je leefruimtes zowel esthetisch als functioneel en vergroot je tegelijkertijd je bijdrage aan het milieu door energie te besparen.<\/p><p>In het licht van deze informatie is het ontdekken en implementeren van de meest ideale glasoplossingen voor je woonruimtes de sleutel tot het cre\u00ebren van een duurzame en comfortabele leefruimte die niet alleen voldoet aan de behoeften van vandaag, maar ook aan die van de toekomst. Dankzij moderne glastechnologie\u00ebn speelt elk raam en elke deur een cruciale rol bij het bieden van zowel een beschermende afscherming als een cruciale rol bij het verhogen van de energie-effici\u00ebntie en het comfort.<\/p><p>INNOVERA biedt oplossingen die het leven van onze klanten veranderen, naast de hoogwaardige PVC-deur- en raamsystemen die vereist zijn voor hedendaagse woonruimtes. Elk glas is zorgvuldig geselecteerd met uw comfort, veiligheid en energiebesparing in gedachten. Ons dubbel- en drielaags glas houdt uw huis warm, terwijl ons low-E gecoat en gasgevuld glas uw energie-effici\u00ebntie verhoogt. Terwijl we de veiligheid van je huis garanderen met ons veiligheidsglas, cre\u00ebren we een rustige leefruimte met ons geluidsge\u00efsoleerd glas.<\/p><p>De prioriteit van ons bedrijf is de tevredenheid van onze klanten. Daarom streven we ernaar uw levenskwaliteit te verbeteren door voor elk project de meest geschikte glasoplossingen aan te bieden. Met de innovatieve glastechnologie\u00ebn die we gebruiken in onze pvc-deur- en raamsystemen bieden we esthetiek en functionaliteit samen. Door voor elk raam van uw huis het meest geschikte glas te kiezen, streven we ernaar om u comfortabelere, veiligere en energiezuinigere leefruimtes te bieden.<\/p>\t\t\t\t\t\t<\/div>\n\t\t\t\t<\/div>\n\t\t\t\t\t<\/div>\n\t\t<\/div>\n\t\t\t\t\t<\/div>\n\t\t<\/section>\n\t\t\t\t<section class=\"elementor-section elementor-top-section elementor-element elementor-element-9a69d57 elementor-section-boxed elementor-section-height-default elementor-section-height-default\" data-id=\"9a69d57\" data-element_type=\"section\">\n\t\t\t\t\t\t<div class=\"elementor-container elementor-column-gap-default\">\n\t\t\t\t\t<div class=\"elementor-column elementor-col-100 elementor-top-column elementor-element elementor-element-c2500c8\" data-id=\"c2500c8\" data-element_type=\"column\">\n\t\t\t<div class=\"elementor-widget-wrap elementor-element-populated\">\n\t\t\t\t\t\t<div class=\"elementor-element elementor-element-e7bc3f7 elementor-widget elementor-widget-spacer\" data-id=\"e7bc3f7\" data-element_type=\"widget\" data-widget_type=\"spacer.default\">\n\t\t\t\t<div class=\"elementor-widget-container\">\n\t\t\t\t\t<div class=\"elementor-spacer\">\n\t\t\t<div class=\"elementor-spacer-inner\"><\/div>\n\t\t<\/div>\n\t\t\t\t<\/div>\n\t\t\t\t<\/div>\n\t\t\t\t<div class=\"elementor-element elementor-element-fdb7fbb elementor-widget elementor-widget-spacer\" data-id=\"fdb7fbb\" data-element_type=\"widget\" data-widget_type=\"spacer.default\">\n\t\t\t\t<div class=\"elementor-widget-container\">\n\t\t\t\t\t<div class=\"elementor-spacer\">\n\t\t\t<div class=\"elementor-spacer-inner\"><\/div>\n\t\t<\/div>\n\t\t\t\t<\/div>\n\t\t\t\t<\/div>\n\t\t\t\t\t<\/div>\n\t\t<\/div>\n\t\t\t\t\t<\/div>\n\t\t<\/section>\n\t\t\t\t<section class=\"elementor-section elementor-top-section elementor-element elementor-element-c4d282b elementor-section-boxed elementor-section-height-default elementor-section-height-default\" data-id=\"c4d282b\" data-element_type=\"section\">\n\t\t\t\t\t\t<div class=\"elementor-container elementor-column-gap-default\">\n\t\t\t\t\t<div class=\"elementor-column elementor-col-100 elementor-top-column elementor-element elementor-element-e054c6e\" data-id=\"e054c6e\" data-element_type=\"column\">\n\t\t\t<div class=\"elementor-widget-wrap elementor-element-populated\">\n\t\t\t\t\t\t<div class=\"elementor-element elementor-element-709464a elementor-widget elementor-widget-spacer\" data-id=\"709464a\" data-element_type=\"widget\" data-widget_type=\"spacer.default\">\n\t\t\t\t<div class=\"elementor-widget-container\">\n\t\t\t\t\t<div class=\"elementor-spacer\">\n\t\t\t<div class=\"elementor-spacer-inner\"><\/div>\n\t\t<\/div>\n\t\t\t\t<\/div>\n\t\t\t\t<\/div>\n\t\t\t\t<div class=\"elementor-element elementor-element-a84b5c7 elementor-widget elementor-widget-spacer\" data-id=\"a84b5c7\" data-element_type=\"widget\" data-widget_type=\"spacer.default\">\n\t\t\t\t<div class=\"elementor-widget-container\">\n\t\t\t\t\t<div class=\"elementor-spacer\">\n\t\t\t<div class=\"elementor-spacer-inner\"><\/div>\n\t\t<\/div>\n\t\t\t\t<\/div>\n\t\t\t\t<\/div>\n\t\t\t\t\t<\/div>\n\t\t<\/div>\n\t\t\t\t\t<\/div>\n\t\t<\/section>\n\t\t\t\t<section class=\"elementor-section elementor-top-section elementor-element elementor-element-4a2b035e elementor-section-stretched elementor-section-boxed elementor-section-height-default elementor-section-height-default\" data-id=\"4a2b035e\" data-element_type=\"section\" data-settings=\"{&quot;stretch_section&quot;:&quot;section-stretched&quot;}\">\n\t\t\t\t\t\t<div class=\"elementor-container elementor-column-gap-no\">\n\t\t\t\t\t<div class=\"elementor-column elementor-col-100 elementor-top-column elementor-element elementor-element-2c1b452e\" data-id=\"2c1b452e\" data-element_type=\"column\">\n\t\t\t<div class=\"elementor-widget-wrap elementor-element-populated\">\n\t\t\t\t\t\t<section class=\"elementor-section elementor-inner-section elementor-element elementor-element-5e49ef9f elementor-section-height-min-height elementor-section-content-middle elementor-section-boxed elementor-section-height-default\" data-id=\"5e49ef9f\" data-element_type=\"section\" data-settings=\"{&quot;background_background&quot;:&quot;classic&quot;}\">\n\t\t\t\t\t\t<div class=\"elementor-container elementor-column-gap-extended\">\n\t\t\t\t\t<div class=\"elementor-column elementor-col-50 elementor-inner-column elementor-element elementor-element-67ed64d\" data-id=\"67ed64d\" data-element_type=\"column\">\n\t\t\t<div class=\"elementor-widget-wrap elementor-element-populated\">\n\t\t\t\t\t\t<div class=\"elementor-element elementor-element-2e1a0f98 elementor-widget elementor-widget-energium_heading\" data-id=\"2e1a0f98\" data-element_type=\"widget\" data-widget_type=\"energium_heading.default\">\n\t\t\t\t<div class=\"elementor-widget-container\">\n\t\t\t<div class=\"energium-heading-widget\"><h2 class=\"energium-heading\"><span class=\"energium-heading-content\">Hoe kunnen we je helpen?<\/span><\/h2><\/div>\t\t<\/div>\n\t\t\t\t<\/div>\n\t\t\t\t<div class=\"elementor-element elementor-element-10f0e9fe elementor-widget elementor-widget-text-editor\" data-id=\"10f0e9fe\" data-element_type=\"widget\" data-widget_type=\"text-editor.default\">\n\t\t\t\t<div class=\"elementor-widget-container\">\n\t\t\t\t\t\t\t<p>We staan klaar om je te helpen met ons professionele team.<\/p>\t\t\t\t\t\t<\/div>\n\t\t\t\t<\/div>\n\t\t\t\t\t<\/div>\n\t\t<\/div>\n\t\t\t\t<div class=\"elementor-column elementor-col-50 elementor-inner-column elementor-element elementor-element-5fd411ac\" data-id=\"5fd411ac\" data-element_type=\"column\">\n\t\t\t<div class=\"elementor-widget-wrap elementor-element-populated\">\n\t\t\t\t\t\t<div class=\"elementor-element elementor-element-360c903b elementor-view-stacked pulse-animation-yes elementor-shape-circle elementor-widget elementor-widget-icon\" data-id=\"360c903b\" data-element_type=\"widget\" data-widget_type=\"icon.default\">\n\t\t\t\t<div class=\"elementor-widget-container\">\n\t\t\t\t\t<div class=\"elementor-icon-wrapper\">\n\t\t\t<div class=\"elementor-icon\">\n\t\t\t<i aria-hidden=\"true\" class=\"fontello icon-calling\"><\/i>\t\t\t<\/div>\n\t\t<\/div>\n\t\t\t\t<\/div>\n\t\t\t\t<\/div>\n\t\t\t\t<div class=\"elementor-element elementor-element-70c852f4 elementor-widget elementor-widget-text-editor\" data-id=\"70c852f4\" data-element_type=\"widget\" data-widget_type=\"text-editor.default\">\n\t\t\t\t<div class=\"elementor-widget-container\">\n\t\t\t\t\t\t\t<p>Hulplijn<\/p>\t\t\t\t\t\t<\/div>\n\t\t\t\t<\/div>\n\t\t\t\t<div class=\"elementor-element elementor-element-1693d86a elementor-widget elementor-widget-energium_heading\" data-id=\"1693d86a\" data-element_type=\"widget\" data-widget_type=\"energium_heading.default\">\n\t\t\t\t<div class=\"elementor-widget-container\">\n\t\t\t<div class=\"energium-heading-widget\"><h2 class=\"energium-heading\"><span class=\"energium-heading-content\">+90 342 606 0961<\/span><\/h2><\/div>\t\t<\/div>\n\t\t\t\t<\/div>\n\t\t\t\t\t<\/div>\n\t\t<\/div>\n\t\t\t\t\t<\/div>\n\t\t<\/section>\n\t\t\t\t\t<\/div>\n\t\t<\/div>\n\t\t\t\t\t<\/div>\n\t\t<\/section>\n\t\t\t\t<section class=\"elementor-section elementor-top-section elementor-element elementor-element-a05cf7c elementor-section-boxed elementor-section-height-default elementor-section-height-default\" data-id=\"a05cf7c\" data-element_type=\"section\">\n\t\t\t\t\t\t<div class=\"elementor-container elementor-column-gap-default\">\n\t\t\t\t\t<div class=\"elementor-column elementor-col-100 elementor-top-column elementor-element elementor-element-e022e12\" data-id=\"e022e12\" data-element_type=\"column\">\n\t\t\t<div class=\"elementor-widget-wrap\">\n\t\t\t\t\t\t\t<\/div>\n\t\t<\/div>\n\t\t\t\t\t<\/div>\n\t\t<\/section>\n\t\t\t\t<\/div>\n\t\t","protected":false},"excerpt":{"rendered":"<p>Het glas dat gebruikt wordt in PVC deuren en ramen combineert de esthetische en functionele vereisten van moderne architectuur en speelt een cruciale rol bij het cre\u00ebren van duurzame leefruimtes. Deze beglazingen bieden een breed scala aan voordelen, van energie-effici\u00ebntie tot&#8230;<\/p>\n","protected":false},"author":2,"featured_media":0,"parent":0,"menu_order":0,"comment_status":"closed","ping_status":"closed","template":"","meta":{"inline_featured_image":false,"footnotes":""},"class_list":["post-7628","page","type-page","status-publish","hentry"],"jetpack_sharing_enabled":true,"_links":{"self":[{"href":"https:\/\/www.innoveragroup.com.tr\/nl\/wp-json\/wp\/v2\/pages\/7628","targetHints":{"allow":["GET"]}}],"collection":[{"href":"https:\/\/www.innoveragroup.com.tr\/nl\/wp-json\/wp\/v2\/pages"}],"about":[{"href":"https:\/\/www.innoveragroup.com.tr\/nl\/wp-json\/wp\/v2\/types\/page"}],"author":[{"embeddable":true,"href":"https:\/\/www.innoveragroup.com.tr\/nl\/wp-json\/wp\/v2\/users\/2"}],"replies":[{"embeddable":true,"href":"https:\/\/www.innoveragroup.com.tr\/nl\/wp-json\/wp\/v2\/comments?post=7628"}],"version-history":[{"count":0,"href":"https:\/\/www.innoveragroup.com.tr\/nl\/wp-json\/wp\/v2\/pages\/7628\/revisions"}],"wp:attachment":[{"href":"https:\/\/www.innoveragroup.com.tr\/nl\/wp-json\/wp\/v2\/media?parent=7628"}],"curies":[{"name":"wp","href":"https:\/\/api.w.org\/{rel}","templated":true}]}}