{"id":7759,"date":"2024-02-20T21:08:15","date_gmt":"2024-02-20T21:08:15","guid":{"rendered":"https:\/\/www.innoveragroup.com.tr\/panjur-sistemleri\/"},"modified":"2024-06-29T19:40:08","modified_gmt":"2024-06-29T19:40:08","slug":"rolluiksystemen","status":"publish","type":"page","link":"https:\/\/www.innoveragroup.com.tr\/nl\/rolluiksystemen\/","title":{"rendered":"ROLLUIKSYSTEMEN"},"content":{"rendered":"\t\t<div data-elementor-type=\"wp-page\" data-elementor-id=\"7759\" class=\"elementor elementor-7759 elementor-5822\" data-elementor-post-type=\"page\">\n\t\t\t\t\t\t<section class=\"elementor-section elementor-top-section elementor-element elementor-element-c561931 elementor-section-boxed elementor-section-height-default elementor-section-height-default\" data-id=\"c561931\" data-element_type=\"section\">\n\t\t\t\t\t\t<div class=\"elementor-container elementor-column-gap-default\">\n\t\t\t\t\t<div class=\"elementor-column elementor-col-100 elementor-top-column elementor-element elementor-element-091335e\" data-id=\"091335e\" data-element_type=\"column\">\n\t\t\t<div class=\"elementor-widget-wrap elementor-element-populated\">\n\t\t\t\t\t\t<div class=\"elementor-element elementor-element-4fa13be elementor-widget elementor-widget-energium_heading\" data-id=\"4fa13be\" data-element_type=\"widget\" data-widget_type=\"energium_heading.default\">\n\t\t\t\t<div class=\"elementor-widget-container\">\n\t\t\t<div class=\"energium-heading-widget\"><h2 class=\"energium-heading\"><span class=\"energium-heading-content\">Rolluiksystemen<\/span><\/h2><\/div>\t\t<\/div>\n\t\t\t\t<\/div>\n\t\t\t\t<div class=\"elementor-element elementor-element-ec54075 elementor-widget elementor-widget-text-editor\" data-id=\"ec54075\" data-element_type=\"widget\" data-widget_type=\"text-editor.default\">\n\t\t\t\t<div class=\"elementor-widget-container\">\n\t\t\t\t\t\t\t<p>Rust je ramen uit met moderne lamellen die veel meer doen dan alleen zonwering. Door esthetiek en functionaliteit te combineren, geven de Innovera shuttersystemen niet alleen schoonheid aan uw ruimtes, maar zorgen ze ook voor energie-effici\u00ebntie, betere geluidsisolatie en een hoge mate van veiligheid. Zelfs je houten ramen worden beschermd tegen de elementen met deze innovatieve shutters, waardoor ze lang meegaan.<\/p>\n<p><strong>Elegante boven gemonteerde jaloezie\u00ebn<\/strong><\/p>\n<p>Als je het maximale uit je ruimte wilt halen zonder het uiterlijk te verpesten, zijn onze boven gemonteerde jaloezie\u00ebn ideaal. Deze jaloezie\u00ebn, die zich aanpassen aan alle soorten raammaterialen, kunnen gemakkelijk worden ge\u00efntegreerd in uw nieuwe gebouwen of worden toegevoegd als een elegante toets aan uw bestaande gebouw. Met verschillende opties qua uiterlijk en gebruiksgemak bieden we een oplossing die past bij jouw ruimte.<\/p>\n<p><strong>Aanpasbare voorgemonteerde rolluiken<\/strong><\/p>\n<p>Onze voorgemonteerde rolluiken zijn zo ontworpen dat ze perfect passen bij je exterieur. Met de verzonken kastoptie zijn de louvredozen niet zichtbaar van buitenaf, waardoor je ruimte een moderne en stijlvolle uitstraling krijgt. Deze shutters bevrijden je niet alleen op het vlak van esthetiek, maar ook op het vlak van functionaliteit.<\/p>\n<p><strong>Vrijheid in materiaalkeuze<\/strong><\/p>\n<p>Kies het materiaal dat het beste bij je past, of het nu duurzaam en duurzaam aluminium is of kosteneffectief en isolerend pvc. Beide opties bieden een breed scala aan kleuren en voegen waarde toe aan uw ruimte met hoge afwerkingsnormen.<\/p>\n<p><strong>De elegantie van aluminium en het comfort van PVC<\/strong><\/p>\n<p>Aluminium rolluiken bieden weerstand tegen de schadelijke effecten van de zon, terwijl PVC rolluiken energiebesparend zijn en een superieure geluidsisolatie bieden. Beide materialen verhogen uw levenskwaliteit terwijl ze uw ruimtes verfraaien met langdurig gebruik en minimale onderhoudsbehoeften.<\/p>\n<p><strong>Waar technologie en design elkaar ontmoeten<\/strong><\/p>\n<p>Bij Innovera weten we dat rolluiken niet alleen zonwering zijn. Daarom rusten we onze rolluiksystemen uit met de nieuwste technologie. Handbediend of gemotoriseerd, onze rolluiken bieden gemak en comfort. Met moderne automatiseringsoplossingen worden je rolluiken een slim onderdeel van je dagelijkse leven.<\/p>\n<p>U wilt alleen het beste voor uw ramen. Transformeer uw ruimtes met innovatieve rolluikoplossingen van Innovera. U hoeft niet te kiezen tussen schoonheid, comfort en veiligheid; wij bieden het allemaal in \u00e9\u00e9n. Neem contact met ons op om het te ontdekken.<\/p>\t\t\t\t\t\t<\/div>\n\t\t\t\t<\/div>\n\t\t\t\t\t<\/div>\n\t\t<\/div>\n\t\t\t\t\t<\/div>\n\t\t<\/section>\n\t\t\t\t<section class=\"elementor-section elementor-top-section elementor-element elementor-element-c4d282b elementor-section-boxed elementor-section-height-default elementor-section-height-default\" data-id=\"c4d282b\" data-element_type=\"section\">\n\t\t\t\t\t\t<div class=\"elementor-container elementor-column-gap-default\">\n\t\t\t\t\t<div class=\"elementor-column elementor-col-100 elementor-top-column elementor-element elementor-element-e054c6e\" data-id=\"e054c6e\" data-element_type=\"column\">\n\t\t\t<div class=\"elementor-widget-wrap elementor-element-populated\">\n\t\t\t\t\t\t<div class=\"elementor-element elementor-element-709464a elementor-widget elementor-widget-spacer\" data-id=\"709464a\" data-element_type=\"widget\" data-widget_type=\"spacer.default\">\n\t\t\t\t<div class=\"elementor-widget-container\">\n\t\t\t\t\t<div class=\"elementor-spacer\">\n\t\t\t<div class=\"elementor-spacer-inner\"><\/div>\n\t\t<\/div>\n\t\t\t\t<\/div>\n\t\t\t\t<\/div>\n\t\t\t\t<div class=\"elementor-element elementor-element-a84b5c7 elementor-widget elementor-widget-spacer\" data-id=\"a84b5c7\" data-element_type=\"widget\" data-widget_type=\"spacer.default\">\n\t\t\t\t<div class=\"elementor-widget-container\">\n\t\t\t\t\t<div class=\"elementor-spacer\">\n\t\t\t<div class=\"elementor-spacer-inner\"><\/div>\n\t\t<\/div>\n\t\t\t\t<\/div>\n\t\t\t\t<\/div>\n\t\t\t\t\t<\/div>\n\t\t<\/div>\n\t\t\t\t\t<\/div>\n\t\t<\/section>\n\t\t\t\t<section class=\"elementor-section elementor-top-section elementor-element elementor-element-55c07cdf elementor-section-stretched elementor-section-boxed elementor-section-height-default elementor-section-height-default\" data-id=\"55c07cdf\" data-element_type=\"section\" data-settings=\"{&quot;stretch_section&quot;:&quot;section-stretched&quot;}\">\n\t\t\t\t\t\t<div class=\"elementor-container elementor-column-gap-no\">\n\t\t\t\t\t<div class=\"elementor-column elementor-col-100 elementor-top-column elementor-element elementor-element-5a86cff3\" data-id=\"5a86cff3\" data-element_type=\"column\">\n\t\t\t<div class=\"elementor-widget-wrap elementor-element-populated\">\n\t\t\t\t\t\t<section class=\"elementor-section elementor-inner-section elementor-element elementor-element-484c889f elementor-section-height-min-height elementor-section-content-middle elementor-section-boxed elementor-section-height-default\" data-id=\"484c889f\" data-element_type=\"section\" data-settings=\"{&quot;background_background&quot;:&quot;classic&quot;}\">\n\t\t\t\t\t\t<div class=\"elementor-container elementor-column-gap-extended\">\n\t\t\t\t\t<div class=\"elementor-column elementor-col-50 elementor-inner-column elementor-element elementor-element-6d44d728\" data-id=\"6d44d728\" data-element_type=\"column\">\n\t\t\t<div class=\"elementor-widget-wrap elementor-element-populated\">\n\t\t\t\t\t\t<div class=\"elementor-element elementor-element-38e5d241 elementor-widget elementor-widget-energium_heading\" data-id=\"38e5d241\" data-element_type=\"widget\" data-widget_type=\"energium_heading.default\">\n\t\t\t\t<div class=\"elementor-widget-container\">\n\t\t\t<div class=\"energium-heading-widget\"><h2 class=\"energium-heading\"><span class=\"energium-heading-content\">Hoe kunnen we je helpen?<\/span><\/h2><\/div>\t\t<\/div>\n\t\t\t\t<\/div>\n\t\t\t\t<div class=\"elementor-element elementor-element-2598077e elementor-widget elementor-widget-text-editor\" data-id=\"2598077e\" data-element_type=\"widget\" data-widget_type=\"text-editor.default\">\n\t\t\t\t<div class=\"elementor-widget-container\">\n\t\t\t\t\t\t\t<p>We staan klaar om je te helpen met ons professionele team.<\/p>\t\t\t\t\t\t<\/div>\n\t\t\t\t<\/div>\n\t\t\t\t\t<\/div>\n\t\t<\/div>\n\t\t\t\t<div class=\"elementor-column elementor-col-50 elementor-inner-column elementor-element elementor-element-1adc229d\" data-id=\"1adc229d\" data-element_type=\"column\">\n\t\t\t<div class=\"elementor-widget-wrap elementor-element-populated\">\n\t\t\t\t\t\t<div class=\"elementor-element elementor-element-59013fb elementor-view-stacked pulse-animation-yes elementor-shape-circle elementor-widget elementor-widget-icon\" data-id=\"59013fb\" data-element_type=\"widget\" data-widget_type=\"icon.default\">\n\t\t\t\t<div class=\"elementor-widget-container\">\n\t\t\t\t\t<div class=\"elementor-icon-wrapper\">\n\t\t\t<div class=\"elementor-icon\">\n\t\t\t<i aria-hidden=\"true\" class=\"fontello icon-calling\"><\/i>\t\t\t<\/div>\n\t\t<\/div>\n\t\t\t\t<\/div>\n\t\t\t\t<\/div>\n\t\t\t\t<div class=\"elementor-element elementor-element-781987c1 elementor-widget elementor-widget-text-editor\" data-id=\"781987c1\" data-element_type=\"widget\" data-widget_type=\"text-editor.default\">\n\t\t\t\t<div class=\"elementor-widget-container\">\n\t\t\t\t\t\t\t<p>Hulplijn<\/p>\t\t\t\t\t\t<\/div>\n\t\t\t\t<\/div>\n\t\t\t\t<div class=\"elementor-element elementor-element-1357a20d elementor-widget elementor-widget-energium_heading\" data-id=\"1357a20d\" data-element_type=\"widget\" data-widget_type=\"energium_heading.default\">\n\t\t\t\t<div class=\"elementor-widget-container\">\n\t\t\t<div class=\"energium-heading-widget\"><h2 class=\"energium-heading\"><span class=\"energium-heading-content\">+90 342 606 0961<\/span><\/h2><\/div>\t\t<\/div>\n\t\t\t\t<\/div>\n\t\t\t\t\t<\/div>\n\t\t<\/div>\n\t\t\t\t\t<\/div>\n\t\t<\/section>\n\t\t\t\t\t<\/div>\n\t\t<\/div>\n\t\t\t\t\t<\/div>\n\t\t<\/section>\n\t\t\t\t<\/div>\n\t\t","protected":false},"excerpt":{"rendered":"<p>Rust je ramen uit met moderne lamellen die veel meer doen dan alleen zonwering. Door esthetiek en functionaliteit te combineren, geven de Innovera shuttersystemen niet alleen schoonheid aan uw ruimtes, maar zorgen ze ook voor energie-effici\u00ebntie, betere geluidsisolatie en een hoge&#8230;<\/p>\n","protected":false},"author":2,"featured_media":0,"parent":0,"menu_order":0,"comment_status":"closed","ping_status":"closed","template":"","meta":{"inline_featured_image":false,"footnotes":""},"class_list":["post-7759","page","type-page","status-publish","hentry"],"jetpack_sharing_enabled":true,"_links":{"self":[{"href":"https:\/\/www.innoveragroup.com.tr\/nl\/wp-json\/wp\/v2\/pages\/7759","targetHints":{"allow":["GET"]}}],"collection":[{"href":"https:\/\/www.innoveragroup.com.tr\/nl\/wp-json\/wp\/v2\/pages"}],"about":[{"href":"https:\/\/www.innoveragroup.com.tr\/nl\/wp-json\/wp\/v2\/types\/page"}],"author":[{"embeddable":true,"href":"https:\/\/www.innoveragroup.com.tr\/nl\/wp-json\/wp\/v2\/users\/2"}],"replies":[{"embeddable":true,"href":"https:\/\/www.innoveragroup.com.tr\/nl\/wp-json\/wp\/v2\/comments?post=7759"}],"version-history":[{"count":0,"href":"https:\/\/www.innoveragroup.com.tr\/nl\/wp-json\/wp\/v2\/pages\/7759\/revisions"}],"wp:attachment":[{"href":"https:\/\/www.innoveragroup.com.tr\/nl\/wp-json\/wp\/v2\/media?parent=7759"}],"curies":[{"name":"wp","href":"https:\/\/api.w.org\/{rel}","templated":true}]}}